{"id":7142,"date":"2025-10-06T10:30:07","date_gmt":"2025-10-06T10:30:07","guid":{"rendered":"https:\/\/voicit.com\/?post_type=product&#038;p=7142"},"modified":"2025-11-07T10:40:27","modified_gmt":"2025-11-07T10:40:27","slug":"microfone-para-conferencias-presenciais-e-hibridas","status":"publish","type":"product","link":"https:\/\/voicit.com\/pt\/producto\/microfono-conferencias-presenciales-e-hibridas\/","title":{"rendered":"Microfones para confer\u00eancias presenciais e h\u00edbridas"},"content":{"rendered":"<p data-start=\"264\" data-end=\"649\">El <strong data-start=\"267\" data-end=\"322\">Microfone para confer\u00eancias presenciais e h\u00edbridas<\/strong> \u00c9 projetado para profissionais que precisam captar todas as vozes com clareza e precis\u00e3o em reuni\u00f5es, aulas ou confer\u00eancias. Seu padr\u00e3o de capta\u00e7\u00e3o <strong data-start=\"479\" data-end=\"506\">360\u00b0 omnidirecional<\/strong> e um <strong data-start=\"512\" data-end=\"541\">alcance de at\u00e9 5 metros<\/strong> Elas permitem que cada voz seja gravada sem perda de qualidade, mesmo que os participantes se movimentem pela sala.<\/p>\n<p data-start=\"651\" data-end=\"958\">Ideal para confer\u00eancias presenciais e reuni\u00f5es h\u00edbridas, este microfone \u00e9 compat\u00edvel com plataformas como Zoom, Skype, GoToMeeting, WebEx e Hangouts. Sua tecnologia de redu\u00e7\u00e3o de ru\u00eddo bloqueia eficazmente o ru\u00eddo de fundo e elimina ecos, garantindo um som n\u00edtido e profissional em todas as sess\u00f5es.<\/p>\n<p data-start=\"960\" data-end=\"1366\">Gra\u00e7as \u00e0 sua compatibilidade com <strong data-start=\"992\" data-end=\"1002\">Voz<\/strong>As grava\u00e7\u00f5es feitas com este microfone podem ser processadas usando <strong data-start=\"1077\" data-end=\"1104\">intelig\u00eancia artificial<\/strong>gerando <strong data-start=\"1116\" data-end=\"1140\">relat\u00f3rios automatizados<\/strong> Esses recursos permitem organizar e analisar cada reuni\u00e3o ou aula de forma r\u00e1pida e eficiente. Isso transforma cada grava\u00e7\u00e3o em informa\u00e7\u00f5es pr\u00e1ticas e prontas para uso, simplificando a gest\u00e3o de suas confer\u00eancias e sess\u00f5es de trabalho.<\/p>\n<p data-start=\"1368\" data-end=\"1696\">Es <strong data-start=\"1371\" data-end=\"1386\">Plug &amp; play<\/strong>Compat\u00edvel com Windows e macOS. Basta conectar ao computador e come\u00e7ar a usar, sem necessidade de instalar drivers adicionais. Tamb\u00e9m possui um <strong data-start=\"1526\" data-end=\"1547\">bot\u00e3o de silenciar<\/strong> Com um indicador luminoso (azul: em funcionamento, vermelho: silenciado), para que voc\u00ea possa controlar a reuni\u00e3o e silenciar rapidamente o microfone, se necess\u00e1rio.<\/p>\n<p data-start=\"1698\" data-end=\"2090\">Gra\u00e7as ao seu design port\u00e1til e f\u00e1cil de usar, este microfone \u00e9 perfeito para professores, consultores, pesquisadores e qualquer profissional que busque efici\u00eancia e qualidade de som superior. Sua cobertura de 360\u00b0 e alcance de 5 metros garantem que todas as vozes sejam captadas com clareza, enquanto o Voicit transforma suas grava\u00e7\u00f5es em relat\u00f3rios autom\u00e1ticos, economizando tempo e esfor\u00e7o.<\/p>\n<p data-start=\"2092\" data-end=\"2335\">Visita <a href=\"http:\/\/voicit.com\/pt\/\">Voz<\/a> e descubra como isso <strong data-start=\"2164\" data-end=\"2219\">Microfone para confer\u00eancias presenciais e h\u00edbridas<\/strong> Ele pode aprimorar suas reuni\u00f5es, aulas e confer\u00eancias com som profissional e gerenciamento autom\u00e1tico de informa\u00e7\u00f5es.<\/p>","protected":false},"excerpt":{"rendered":"<p>Ideal para profissionais que precisam captar todas as vozes em reuni\u00f5es e confer\u00eancias, tanto presenciais quanto h\u00edbridas.<br data-start=\"274\" data-end=\"277\" \/>Compacto, f\u00e1cil de usar e compat\u00edvel com o Voicit para gera\u00e7\u00e3o r\u00e1pida e automatizada de relat\u00f3rios. Assista ao v\u00eddeo.<\/p>","protected":false},"featured_media":7150,"comment_status":"open","ping_status":"closed","template":"","meta":{"site-sidebar-layout":"default","site-content-layout":"","ast-site-content-layout":"default","site-content-style":"default","site-sidebar-style":"default","ast-global-header-display":"","ast-banner-title-visibility":"","ast-main-header-display":"","ast-hfb-above-header-display":"","ast-hfb-below-header-display":"","ast-hfb-mobile-header-display":"","site-post-title":"","ast-breadcrumbs-content":"","ast-featured-img":"","footer-sml-layout":"","theme-transparent-header-meta":"default","adv-header-id-meta":"","stick-header-meta":"","header-above-stick-meta":"","header-main-stick-meta":"","header-below-stick-meta":"","astra-migrate-meta-layouts":"set","ast-page-background-enabled":"default","ast-page-background-meta":{"desktop":{"background-color":"var(--ast-global-color-4)","background-image":"","background-repeat":"repeat","background-position":"center center","background-size":"auto","background-attachment":"scroll","background-type":"","background-media":"","overlay-type":"","overlay-color":"","overlay-gradient":""},"tablet":{"background-color":"","background-image":"","background-repeat":"repeat","background-position":"center center","background-size":"auto","background-attachment":"scroll","background-type":"","background-media":"","overlay-type":"","overlay-color":"","overlay-gradient":""},"mobile":{"background-color":"","background-image":"","background-repeat":"repeat","background-position":"center center","background-size":"auto","background-attachment":"scroll","background-type":"","background-media":"","overlay-type":"","overlay-color":"","overlay-gradient":""}},"ast-content-background-meta":{"desktop":{"background-color":"var(--ast-global-color-5)","background-image":"","background-repeat":"repeat","background-position":"center center","background-size":"auto","background-attachment":"scroll","background-type":"","background-media":"","overlay-type":"","overlay-color":"","overlay-gradient":""},"tablet":{"background-color":"var(--ast-global-color-5)","background-image":"","background-repeat":"repeat","background-position":"center center","background-size":"auto","background-attachment":"scroll","background-type":"","background-media":"","overlay-type":"","overlay-color":"","overlay-gradient":""},"mobile":{"background-color":"var(--ast-global-color-5)","background-image":"","background-repeat":"repeat","background-position":"center center","background-size":"auto","background-attachment":"scroll","background-type":"","background-media":"","overlay-type":"","overlay-color":"","overlay-gradient":""}},"rank_math_title":"Micr\u00f3fono para conferencias presenciales e h\u00edbridas f\u00e1cil de usar %page% %sep% %sitename%","rank_math_description":"Captura todas las voces en reuniones y conferencias con este micr\u00f3fono para conferencias presenciales e h\u00edbridas. Compatible con Voicit, procesa tus grabaciones con IA y genera informes autom\u00e1ticos al instante. Cobertura de 360\u00b0 y alcance de 5 metros.","rank_math_focus_keyword":"Micr\u00f3fono para conferencias presenciales e h\u00edbridas"},"product_brand":[],"product_cat":[54],"product_tag":[],"class_list":{"0":"post-7142","1":"product","2":"type-product","3":"status-publish","4":"has-post-thumbnail","6":"product_cat-microfono","7":"desktop-align-left","8":"tablet-align-left","9":"mobile-align-left","11":"first","12":"instock","13":"sale","14":"sold-individually","15":"shipping-taxable","16":"purchasable","17":"product-type-simple"},"_links":{"self":[{"href":"https:\/\/voicit.com\/pt\/wp-json\/wp\/v2\/product\/7142","targetHints":{"allow":["GET"]}}],"collection":[{"href":"https:\/\/voicit.com\/pt\/wp-json\/wp\/v2\/product"}],"about":[{"href":"https:\/\/voicit.com\/pt\/wp-json\/wp\/v2\/types\/product"}],"replies":[{"embeddable":true,"href":"https:\/\/voicit.com\/pt\/wp-json\/wp\/v2\/comments?post=7142"}],"version-history":[{"count":2,"href":"https:\/\/voicit.com\/pt\/wp-json\/wp\/v2\/product\/7142\/revisions"}],"predecessor-version":[{"id":7188,"href":"https:\/\/voicit.com\/pt\/wp-json\/wp\/v2\/product\/7142\/revisions\/7188"}],"wp:featuredmedia":[{"embeddable":true,"href":"https:\/\/voicit.com\/pt\/wp-json\/wp\/v2\/media\/7150"}],"wp:attachment":[{"href":"https:\/\/voicit.com\/pt\/wp-json\/wp\/v2\/media?parent=7142"}],"wp:term":[{"taxonomy":"product_brand","embeddable":true,"href":"https:\/\/voicit.com\/pt\/wp-json\/wp\/v2\/product_brand?post=7142"},{"taxonomy":"product_cat","embeddable":true,"href":"https:\/\/voicit.com\/pt\/wp-json\/wp\/v2\/product_cat?post=7142"},{"taxonomy":"product_tag","embeddable":true,"href":"https:\/\/voicit.com\/pt\/wp-json\/wp\/v2\/product_tag?post=7142"}],"curies":[{"name":"wp","href":"https:\/\/api.w.org\/{rel}","templated":true}]}}