{"id":7128,"date":"2025-10-02T10:08:50","date_gmt":"2025-10-02T10:08:50","guid":{"rendered":"https:\/\/voicit.com\/?post_type=product&#038;p=7128"},"modified":"2026-04-02T22:10:45","modified_gmt":"2026-04-02T22:10:45","slug":"gravador-de-chamadas-telefonicas-e-entrevistas-presenciais","status":"publish","type":"product","link":"https:\/\/voicit.com\/pt\/producto\/grabadora-llamadas-telefonicas-y-entrevistas-presenciales\/","title":{"rendered":"Gravador de chamadas telef\u00f4nicas e entrevistas presenciais."},"content":{"rendered":"<div data-elementor-type=\"product-post\" data-elementor-id=\"7128\" class=\"elementor elementor-7128\" data-elementor-post-type=\"product\">\n\t\t\t\t<div class=\"elementor-element elementor-element-750de067 e-flex e-con-boxed e-con e-parent\" data-id=\"750de067\" data-element_type=\"container\">\n\t\t\t\t\t<div class=\"e-con-inner\">\n\t\t\t\t<div class=\"elementor-element elementor-element-702fa886 elementor-widget elementor-widget-text-editor\" data-id=\"702fa886\" data-element_type=\"widget\" data-widget_type=\"text-editor.default\">\n\t\t\t\t<div class=\"elementor-widget-container\">\n\t\t\t\t\t\t\t\t\t<p data-start=\"455\" data-end=\"784\">La <strong data-start=\"458\" data-end=\"497\">gravador de chamadas e entrevistas<\/strong> \u00c9 a ferramenta ideal para profissionais que precisam gravar conversas com precis\u00e3o sem depender de um computador. \u00c9 compacta, discreta e f\u00e1cil de usar. Permite gravar tanto chamadas telef\u00f4nicas quanto entrevistas presenciais, garantindo que nenhum detalhe seja perdido.<\/p>\r\n<p data-start=\"786\" data-end=\"1091\">Gra\u00e7as \u00e0 sua compatibilidade com <strong data-start=\"818\" data-end=\"828\">Voz<\/strong>Suas grava\u00e7\u00f5es s\u00e3o processadas por <strong data-start=\"867\" data-end=\"894\">intelig\u00eancia artificial<\/strong>Eles s\u00e3o gerados <strong data-start=\"907\" data-end=\"931\">relat\u00f3rios automatizados<\/strong> que ajudam voc\u00ea a organizar e analisar cada conversa de forma r\u00e1pida e eficiente. Isso transforma cada grava\u00e7\u00e3o em informa\u00e7\u00e3o pr\u00e1tica e pronta para usar.<\/p>\r\n<p data-start=\"1093\" data-end=\"1636\">Seu design compacto facilita o transporte para qualquer lugar. \u00c9 incrivelmente simples de usar: basta conectar o gravador ao seu telefone ou coloc\u00e1-lo sobre uma superf\u00edcie est\u00e1vel. Deslize o bot\u00e3o e a grava\u00e7\u00e3o come\u00e7a instantaneamente. Ao terminar, os arquivos s\u00e3o salvos automaticamente na mem\u00f3ria interna. Eles podem ent\u00e3o ser facilmente transferidos para o Voicit via USB para processamento por IA. Essa tecnologia permite obter automaticamente resumos, transcri\u00e7\u00f5es e an\u00e1lises de suas chamadas e entrevistas, economizando tempo e esfor\u00e7o.<\/p>\r\n<p data-start=\"1638\" data-end=\"2061\">\u00c9 perfeito para consultores de RH, educadores, pesquisadores ou qualquer profissional que precise capturar informa\u00e7\u00f5es de forma confi\u00e1vel. Suporta formatos de \u00e1udio como MP3 e WAV. Oferece at\u00e9 8 a 10 horas de grava\u00e7\u00e3o cont\u00ednua por carga e at\u00e9 188 horas de grava\u00e7\u00e3o total. Sua portabilidade, facilidade de uso e tecnologia avan\u00e7ada de IA o tornam uma solu\u00e7\u00e3o completa para gerenciamento profissional de informa\u00e7\u00f5es.<\/p>\r\n<p data-start=\"2063\" data-end=\"2497\">Al\u00e9m disso, este gravador oferece uma experi\u00eancia totalmente intuitiva e descomplicada. Voc\u00ea n\u00e3o precisa de conhecimentos t\u00e9cnicos avan\u00e7ados. Basta gravar, transferir e o Voicit analisa automaticamente suas conversas. Gra\u00e7as \u00e0 combina\u00e7\u00e3o de portabilidade, bateria de longa dura\u00e7\u00e3o e tecnologia de intelig\u00eancia artificial, voc\u00ea pode se concentrar no seu trabalho enquanto o gravador captura e processa todas as informa\u00e7\u00f5es relevantes.<\/p>\r\n<p data-start=\"2499\" data-end=\"2833\">Descubra mais sobre <a href=\"http:\/\/voicit.com\/pt\/\">Voz <\/a>e como este gravador de chamadas e entrevistas pode transformar suas grava\u00e7\u00f5es em relat\u00f3rios automatizados.<\/p>\t\t\t\t\t\t\t\t<\/div>\n\t\t\t\t<\/div>\n\t\t\t\t\t<\/div>\n\t\t\t\t<\/div>\n\t\t\t\t<\/div>","protected":false},"excerpt":{"rendered":"<p id=\"block-261e952bb74380a892b8d3a2d07c2882\" class=\"notion-text notion-text__content notion-semantic-string\">Ideal para profissionais que precisam gravar chamadas e entrevistas sem depender de um computador.<\/p>\n<p id=\"block-261e952bb74380e38edaea45a246e005\" class=\"notion-text notion-text__content notion-semantic-string\">Compacto, discreto e compat\u00edvel com <strong><a class=\"notion-link link\" href=\"https:\/\/app.voicit.com\/\" target=\"_blank\" rel=\"noopener noreferrer\">Voz<\/a><\/strong>. <a href=\"https:\/\/youtu.be\/FurLejLKbjs?si=0d4vSxsa7wng1dMH\"><em>Veja o v\u00eddeo do gravador.<\/em><\/a><\/p>","protected":false},"featured_media":7129,"comment_status":"open","ping_status":"closed","template":"","meta":{"site-sidebar-layout":"default","site-content-layout":"","ast-site-content-layout":"default","site-content-style":"default","site-sidebar-style":"default","ast-global-header-display":"","ast-banner-title-visibility":"","ast-main-header-display":"","ast-hfb-above-header-display":"","ast-hfb-below-header-display":"","ast-hfb-mobile-header-display":"","site-post-title":"","ast-breadcrumbs-content":"","ast-featured-img":"","footer-sml-layout":"","theme-transparent-header-meta":"default","adv-header-id-meta":"","stick-header-meta":"","header-above-stick-meta":"","header-main-stick-meta":"","header-below-stick-meta":"","astra-migrate-meta-layouts":"set","ast-page-background-enabled":"default","ast-page-background-meta":{"desktop":{"background-color":"var(--ast-global-color-4)","background-image":"","background-repeat":"repeat","background-position":"center center","background-size":"auto","background-attachment":"scroll","background-type":"","background-media":"","overlay-type":"","overlay-color":"","overlay-gradient":""},"tablet":{"background-color":"","background-image":"","background-repeat":"repeat","background-position":"center center","background-size":"auto","background-attachment":"scroll","background-type":"","background-media":"","overlay-type":"","overlay-color":"","overlay-gradient":""},"mobile":{"background-color":"","background-image":"","background-repeat":"repeat","background-position":"center center","background-size":"auto","background-attachment":"scroll","background-type":"","background-media":"","overlay-type":"","overlay-color":"","overlay-gradient":""}},"ast-content-background-meta":{"desktop":{"background-color":"var(--ast-global-color-5)","background-image":"","background-repeat":"repeat","background-position":"center center","background-size":"auto","background-attachment":"scroll","background-type":"","background-media":"","overlay-type":"","overlay-color":"","overlay-gradient":""},"tablet":{"background-color":"var(--ast-global-color-5)","background-image":"","background-repeat":"repeat","background-position":"center center","background-size":"auto","background-attachment":"scroll","background-type":"","background-media":"","overlay-type":"","overlay-color":"","overlay-gradient":""},"mobile":{"background-color":"var(--ast-global-color-5)","background-image":"","background-repeat":"repeat","background-position":"center center","background-size":"auto","background-attachment":"scroll","background-type":"","background-media":"","overlay-type":"","overlay-color":"","overlay-gradient":""}},"rank_math_title":"Grabadora de llamadas y entrevistas presenciales: dispositivo profesional con IA | Voicit","rank_math_description":"Dispositivo profesional para grabar llamadas telef\u00f3nicas y entrevistas presenciales. Transcripci\u00f3n autom\u00e1tica con IA y res\u00famenes al instante. Compatible con Voicit. Env\u00edo 24h.","rank_math_focus_keyword":"grabadora de llamadas"},"product_brand":[],"product_cat":[53],"product_tag":[],"class_list":{"0":"post-7128","1":"product","2":"type-product","3":"status-publish","4":"has-post-thumbnail","6":"product_cat-grabadora-de-voz-productos","7":"desktop-align-left","8":"tablet-align-left","9":"mobile-align-left","11":"first","12":"instock","13":"sale","14":"sold-individually","15":"shipping-taxable","16":"purchasable","17":"product-type-simple"},"_links":{"self":[{"href":"https:\/\/voicit.com\/pt\/wp-json\/wp\/v2\/product\/7128","targetHints":{"allow":["GET"]}}],"collection":[{"href":"https:\/\/voicit.com\/pt\/wp-json\/wp\/v2\/product"}],"about":[{"href":"https:\/\/voicit.com\/pt\/wp-json\/wp\/v2\/types\/product"}],"replies":[{"embeddable":true,"href":"https:\/\/voicit.com\/pt\/wp-json\/wp\/v2\/comments?post=7128"}],"version-history":[{"count":4,"href":"https:\/\/voicit.com\/pt\/wp-json\/wp\/v2\/product\/7128\/revisions"}],"predecessor-version":[{"id":7194,"href":"https:\/\/voicit.com\/pt\/wp-json\/wp\/v2\/product\/7128\/revisions\/7194"}],"wp:featuredmedia":[{"embeddable":true,"href":"https:\/\/voicit.com\/pt\/wp-json\/wp\/v2\/media\/7129"}],"wp:attachment":[{"href":"https:\/\/voicit.com\/pt\/wp-json\/wp\/v2\/media?parent=7128"}],"wp:term":[{"taxonomy":"product_brand","embeddable":true,"href":"https:\/\/voicit.com\/pt\/wp-json\/wp\/v2\/product_brand?post=7128"},{"taxonomy":"product_cat","embeddable":true,"href":"https:\/\/voicit.com\/pt\/wp-json\/wp\/v2\/product_cat?post=7128"},{"taxonomy":"product_tag","embeddable":true,"href":"https:\/\/voicit.com\/pt\/wp-json\/wp\/v2\/product_tag?post=7128"}],"curies":[{"name":"wp","href":"https:\/\/api.w.org\/{rel}","templated":true}]}}