{"id":923,"date":"2022-01-04T19:25:33","date_gmt":"2022-01-04T19:25:33","guid":{"rendered":"https:\/\/voicit.com\/?page_id=923"},"modified":"2026-04-03T16:59:07","modified_gmt":"2026-04-03T16:59:07","slug":"politica-de-cookies","status":"publish","type":"page","link":"https:\/\/voicit.com\/pt\/politica-de-cookies\/","title":{"rendered":"Pol\u00edtica de cookies"},"content":{"rendered":"<div data-elementor-type=\"wp-page\" data-elementor-id=\"923\" class=\"elementor elementor-923\" data-elementor-post-type=\"page\">\n\t\t\t\t\t\t<section class=\"elementor-section elementor-top-section elementor-element elementor-element-adde6c2 elementor-section-boxed elementor-section-height-default elementor-section-height-default\" data-id=\"adde6c2\" data-element_type=\"section\" data-settings=\"{&quot;background_background&quot;:&quot;classic&quot;}\">\n\t\t\t\t\t\t<div class=\"elementor-container elementor-column-gap-default\">\n\t\t\t\t\t<div class=\"elementor-column elementor-col-100 elementor-top-column elementor-element elementor-element-b028778\" data-id=\"b028778\" data-element_type=\"column\">\n\t\t\t<div class=\"elementor-widget-wrap elementor-element-populated\">\n\t\t\t\t\t\t<div class=\"elementor-element elementor-element-0b74138 elementor-widget elementor-widget-spacer\" data-id=\"0b74138\" data-element_type=\"widget\" data-widget_type=\"spacer.default\">\n\t\t\t\t<div class=\"elementor-widget-container\">\n\t\t\t\t\t\t\t<div class=\"elementor-spacer\">\n\t\t\t<div class=\"elementor-spacer-inner\"><\/div>\n\t\t<\/div>\n\t\t\t\t\t\t<\/div>\n\t\t\t\t<\/div>\n\t\t\t\t<div class=\"elementor-element elementor-element-4e08b19 h1 elementor-widget elementor-widget-text-editor\" data-id=\"4e08b19\" data-element_type=\"widget\" data-widget_type=\"text-editor.default\">\n\t\t\t\t<div class=\"elementor-widget-container\">\n\t\t\t\t\t\t\t\t\t<h1 class=\"h1\" style=\"color: #161616;\">Pol\u00edtica de cookies<\/h1>\t\t\t\t\t\t\t\t<\/div>\n\t\t\t\t<\/div>\n\t\t\t\t<div class=\"elementor-element elementor-element-4d3e1c4 body02 elementor-widget elementor-widget-text-editor\" data-id=\"4d3e1c4\" data-element_type=\"widget\" data-widget_type=\"text-editor.default\">\n\t\t\t\t<div class=\"elementor-widget-container\">\n\t\t\t\t\t\t\t\t\t<p>Neste site, coletamos e usamos informa\u00e7\u00f5es conforme descrito em nossa pol\u00edtica de privacidade. Uma das maneiras pelas quais coletamos informa\u00e7\u00f5es \u00e9 por meio do uso de uma tecnologia chamada \"cookies\". No voicit.com, usamos cookies para diversas finalidades.<\/p>\t\t\t\t\t\t\t\t<\/div>\n\t\t\t\t<\/div>\n\t\t\t\t<div class=\"elementor-element elementor-element-5b2642a h3 elementor-widget elementor-widget-text-editor\" data-id=\"5b2642a\" data-element_type=\"widget\" data-widget_type=\"text-editor.default\">\n\t\t\t\t<div class=\"elementor-widget-container\">\n\t\t\t\t\t\t\t\t\t<h2>O que s\u00e3o cookies?<\/h2>\t\t\t\t\t\t\t\t<\/div>\n\t\t\t\t<\/div>\n\t\t\t\t<div class=\"elementor-element elementor-element-2feacff body02 elementor-widget elementor-widget-text-editor\" data-id=\"2feacff\" data-element_type=\"widget\" data-widget_type=\"text-editor.default\">\n\t\t\t\t<div class=\"elementor-widget-container\">\n\t\t\t\t\t\t\t\t\t<p>Um cookie \u00e9 um arquivo que \u00e9 baixado para o seu computador ou dispositivo quando voc\u00ea acessa determinadas p\u00e1ginas da web. Os cookies permitem que um site, entre outras coisas, armazene e recupere informa\u00e7\u00f5es sobre os h\u00e1bitos de navega\u00e7\u00e3o do usu\u00e1rio ou do seu dispositivo e, dependendo das informa\u00e7\u00f5es que cont\u00eam e de como voc\u00ea usa seu dispositivo, podem ser usados para reconhecer o usu\u00e1rio.<\/p>\t\t\t\t\t\t\t\t<\/div>\n\t\t\t\t<\/div>\n\t\t\t\t<div class=\"elementor-element elementor-element-87f3443 h3 elementor-widget elementor-widget-text-editor\" data-id=\"87f3443\" data-element_type=\"widget\" data-widget_type=\"text-editor.default\">\n\t\t\t\t<div class=\"elementor-widget-container\">\n\t\t\t\t\t\t\t\t\t<h2>Que tipos de cookies este site utiliza?<\/h2>\t\t\t\t\t\t\t\t<\/div>\n\t\t\t\t<\/div>\n\t\t\t\t<div class=\"elementor-element elementor-element-5f68f99 body02 elementor-widget elementor-widget-text-editor\" data-id=\"5f68f99\" data-element_type=\"widget\" data-widget_type=\"text-editor.default\">\n\t\t\t\t<div class=\"elementor-widget-container\">\n\t\t\t\t\t\t\t\t\t<p>Seguindo as diretrizes da Ag\u00eancia Espanhola de Prote\u00e7\u00e3o de Dados, detalhamos a utiliza\u00e7\u00e3o de <em>cookies<\/em> Este site tem como objetivo inform\u00e1-lo da forma mais precisa poss\u00edvel. <strong>Voicit.es<\/strong> Utiliza os seguintes tipos de cookies:<\/p>\t\t\t\t\t\t\t\t<\/div>\n\t\t\t\t<\/div>\n\t\t\t\t<div class=\"elementor-element elementor-element-8e9434d body02 elementor-widget elementor-widget-text-editor\" data-id=\"8e9434d\" data-element_type=\"widget\" data-widget_type=\"text-editor.default\">\n\t\t\t\t<div class=\"elementor-widget-container\">\n\t\t\t\t\t\t\t\t\t<h3><strong>Cookies prim\u00e1rios<\/strong><\/h3><p>1. Cookies de armazenamento de sess\u00e3o, para garantir que os usu\u00e1rios que postam coment\u00e1rios no blog sejam humanos e n\u00e3o aplicativos automatizados. Isso ajuda a combater [o seguinte]. <em>spam<\/em>Esses cookies s\u00e3o apagados quando voc\u00ea para de navegar em nosso site ou, se voc\u00ea tiver uma sess\u00e3o ativa, quando voc\u00ea faz logout.<\/p><p>2. Cookies de armazenamento local: Para manter as sess\u00f5es abertas e salvar o pr\u00f3prio consentimento do cookie.<\/p>\t\t\t\t\t\t\t\t<\/div>\n\t\t\t\t<\/div>\n\t\t\t\t<div class=\"elementor-element elementor-element-aaeeeee body02 elementor-widget elementor-widget-text-editor\" data-id=\"aaeeeee\" data-element_type=\"widget\" data-widget_type=\"text-editor.default\">\n\t\t\t\t<div class=\"elementor-widget-container\">\n\t\t\t\t\t\t\t\t\t<h3><strong>Cookies de terceiros<\/strong><\/h3><p><strong>Cookies anal\u00edticos:<\/strong> Esses dados, coletados exclusivamente por terceiros, nos permitem quantificar o n\u00famero de usu\u00e1rios e, assim, realizar an\u00e1lises estat\u00edsticas sobre como os usu\u00e1rios utilizam o servi\u00e7o oferecido. Isso inclui analisar sua atividade de navega\u00e7\u00e3o em nosso site para aprimorar os produtos e servi\u00e7os que oferecemos.<\/p><p>1. Google Analytics<\/p><p>2. Pixel do Facebook<\/p>\t\t\t\t\t\t\t\t<\/div>\n\t\t\t\t<\/div>\n\t\t\t\t<div class=\"elementor-element elementor-element-c0ea417 body02 elementor-widget elementor-widget-text-editor\" data-id=\"c0ea417\" data-element_type=\"widget\" data-widget_type=\"text-editor.default\">\n\t\t\t\t<div class=\"elementor-widget-container\">\n\t\t\t\t\t\t\t\t\t<h3><strong>Cookies de publicidade<\/strong><\/h3><p>Utilizamos o Google AdSense, um servi\u00e7o que analisa cookies para gerir o espa\u00e7o publicit\u00e1rio no nosso website da forma mais eficaz poss\u00edvel, adaptando o conte\u00fado dos an\u00fancios ao servi\u00e7o que solicita ou \u00e0 sua utiliza\u00e7\u00e3o do website. Para tal, podemos analisar os seus h\u00e1bitos de navega\u00e7\u00e3o e mostrar-lhe an\u00fancios relacionados com o seu perfil de navega\u00e7\u00e3o.<\/p>\t\t\t\t\t\t\t\t<\/div>\n\t\t\t\t<\/div>\n\t\t\t\t<div class=\"elementor-element elementor-element-141de51 body02 elementor-widget elementor-widget-text-editor\" data-id=\"141de51\" data-element_type=\"widget\" data-widget_type=\"text-editor.default\">\n\t\t\t\t<div class=\"elementor-widget-container\">\n\t\t\t\t\t\t\t\t\t<h3><strong>Cookies de redes sociais<\/strong><\/h3><p>Cada rede social usa a sua pr\u00f3pria <em>cookies<\/em> para que voc\u00ea possa clicar em bot\u00f5es como <em>Eu gosto<\/em> o <em>Compartilhar<\/em>Assim como nos coment\u00e1rios do Facebook incorporados em alguns de nossos artigos.<\/p>\t\t\t\t\t\t\t\t<\/div>\n\t\t\t\t<\/div>\n\t\t\t\t<div class=\"elementor-element elementor-element-e6e0780 h3 elementor-widget elementor-widget-text-editor\" data-id=\"e6e0780\" data-element_type=\"widget\" data-widget_type=\"text-editor.default\">\n\t\t\t\t<div class=\"elementor-widget-container\">\n\t\t\t\t\t\t\t\t\t<h2>Que tipos de cookies este site utiliza?<\/h2>\t\t\t\t\t\t\t\t<\/div>\n\t\t\t\t<\/div>\n\t\t\t\t<div class=\"elementor-element elementor-element-aa58205 body02 elementor-widget elementor-widget-text-editor\" data-id=\"aa58205\" data-element_type=\"widget\" data-widget_type=\"text-editor.default\">\n\t\t\t\t<div class=\"elementor-widget-container\">\n\t\t\t\t\t\t\t\t\t<p>Voc\u00ea pode exercer seu direito de desativar ou excluir cookies deste site a qualquer momento. Essas a\u00e7\u00f5es s\u00e3o realizadas de forma diferente dependendo do navegador que voc\u00ea estiver usando.<\/p>\t\t\t\t\t\t\t\t<\/div>\n\t\t\t\t<\/div>\n\t\t\t\t<div class=\"elementor-element elementor-element-ffaa5d5 caption elementor-widget elementor-widget-text-editor\" data-id=\"ffaa5d5\" data-element_type=\"widget\" data-widget_type=\"text-editor.default\">\n\t\t\t\t<div class=\"elementor-widget-container\">\n\t\t\t\t\t\t\t\t\t<p><strong>IMPORTANTE: <\/strong>Voc\u00ea pode excluir qualquer informa\u00e7\u00e3o que considerar relevante dos servidores do Google atrav\u00e9s do site: https:\/\/myactivity.google.com\/myactivity<\/p>\t\t\t\t\t\t\t\t<\/div>\n\t\t\t\t<\/div>\n\t\t\t\t<div class=\"elementor-element elementor-element-53141d3 elementor-widget elementor-widget-spacer\" data-id=\"53141d3\" data-element_type=\"widget\" data-widget_type=\"spacer.default\">\n\t\t\t\t<div class=\"elementor-widget-container\">\n\t\t\t\t\t\t\t<div class=\"elementor-spacer\">\n\t\t\t<div class=\"elementor-spacer-inner\"><\/div>\n\t\t<\/div>\n\t\t\t\t\t\t<\/div>\n\t\t\t\t<\/div>\n\t\t\t\t\t<\/div>\n\t\t<\/div>\n\t\t\t\t\t<\/div>\n\t\t<\/section>\n\t\t\t\t<\/div>","protected":false},"excerpt":{"rendered":"<p>Pol\u00edtica de cookies En esta web recopilamos y utilizamos la informaci\u00f3n seg\u00fan indicamos en nuestra pol\u00edtica de privacidad. Una de las formas en las que recopilamos informaci\u00f3n es a trav\u00e9s del uso de la tecnolog\u00eda llamada \u201ccookies\u201d. En voicit.com, utilizamos cookies para diversos prop\u00f3sitos. \u00bfQu\u00e9 son las cookies? Una cookie es un fichero que se [&hellip;]<\/p>\n","protected":false},"author":1,"featured_media":0,"parent":0,"menu_order":0,"comment_status":"closed","ping_status":"closed","template":"","meta":{"site-sidebar-layout":"no-sidebar","site-content-layout":"page-builder","ast-site-content-layout":"","site-content-style":"default","site-sidebar-style":"default","ast-global-header-display":"","ast-banner-title-visibility":"","ast-main-header-display":"","ast-hfb-above-header-display":"","ast-hfb-below-header-display":"","ast-hfb-mobile-header-display":"","site-post-title":"disabled","ast-breadcrumbs-content":"","ast-featured-img":"disabled","footer-sml-layout":"","theme-transparent-header-meta":"","adv-header-id-meta":"","stick-header-meta":"","header-above-stick-meta":"","header-main-stick-meta":"","header-below-stick-meta":"","astra-migrate-meta-layouts":"default","ast-page-background-enabled":"default","ast-page-background-meta":{"desktop":{"background-color":"var(--ast-global-color-4)","background-image":"","background-repeat":"repeat","background-position":"center center","background-size":"auto","background-attachment":"scroll","background-type":"","background-media":"","overlay-type":"","overlay-color":"","overlay-gradient":""},"tablet":{"background-color":"","background-image":"","background-repeat":"repeat","background-position":"center center","background-size":"auto","background-attachment":"scroll","background-type":"","background-media":"","overlay-type":"","overlay-color":"","overlay-gradient":""},"mobile":{"background-color":"","background-image":"","background-repeat":"repeat","background-position":"center center","background-size":"auto","background-attachment":"scroll","background-type":"","background-media":"","overlay-type":"","overlay-color":"","overlay-gradient":""}},"ast-content-background-meta":{"desktop":{"background-color":"var(--ast-global-color-5)","background-image":"","background-repeat":"repeat","background-position":"center center","background-size":"auto","background-attachment":"scroll","background-type":"","background-media":"","overlay-type":"","overlay-color":"","overlay-gradient":""},"tablet":{"background-color":"var(--ast-global-color-5)","background-image":"","background-repeat":"repeat","background-position":"center center","background-size":"auto","background-attachment":"scroll","background-type":"","background-media":"","overlay-type":"","overlay-color":"","overlay-gradient":""},"mobile":{"background-color":"var(--ast-global-color-5)","background-image":"","background-repeat":"repeat","background-position":"center center","background-size":"auto","background-attachment":"scroll","background-type":"","background-media":"","overlay-type":"","overlay-color":"","overlay-gradient":""}},"footnotes":"","rank_math_title":"","rank_math_description":"","rank_math_focus_keyword":""},"class_list":["post-923","page","type-page","status-publish","hentry"],"_links":{"self":[{"href":"https:\/\/voicit.com\/pt\/wp-json\/wp\/v2\/pages\/923","targetHints":{"allow":["GET"]}}],"collection":[{"href":"https:\/\/voicit.com\/pt\/wp-json\/wp\/v2\/pages"}],"about":[{"href":"https:\/\/voicit.com\/pt\/wp-json\/wp\/v2\/types\/page"}],"author":[{"embeddable":true,"href":"https:\/\/voicit.com\/pt\/wp-json\/wp\/v2\/users\/1"}],"replies":[{"embeddable":true,"href":"https:\/\/voicit.com\/pt\/wp-json\/wp\/v2\/comments?post=923"}],"version-history":[{"count":53,"href":"https:\/\/voicit.com\/pt\/wp-json\/wp\/v2\/pages\/923\/revisions"}],"predecessor-version":[{"id":4423,"href":"https:\/\/voicit.com\/pt\/wp-json\/wp\/v2\/pages\/923\/revisions\/4423"}],"wp:attachment":[{"href":"https:\/\/voicit.com\/pt\/wp-json\/wp\/v2\/media?parent=923"}],"curies":[{"name":"wp","href":"https:\/\/api.w.org\/{rel}","templated":true}]}}