{"id":7142,"date":"2025-10-06T10:30:07","date_gmt":"2025-10-06T10:30:07","guid":{"rendered":"https:\/\/voicit.com\/?post_type=product&#038;p=7142"},"modified":"2025-11-07T10:40:27","modified_gmt":"2025-11-07T10:40:27","slug":"microfono-per-videoconferenze-in-presenza-e-ibride","status":"publish","type":"product","link":"https:\/\/voicit.com\/it\/producto\/microfono-conferencias-presenciales-e-hibridas\/","title":{"rendered":"Microfoni per conferenze in presenza e ibride"},"content":{"rendered":"<p data-start=\"264\" data-end=\"649\">El <strong data-start=\"267\" data-end=\"322\">Microfono per videoconferenze in presenza e ibride<\/strong> \u00c8 progettato per i professionisti che hanno bisogno di catturare tutte le voci in modo chiaro e preciso durante riunioni, lezioni o conferenze. Il suo schema di ripresa <strong data-start=\"479\" data-end=\"506\">360\u00b0 omnidirezionale<\/strong> e un <strong data-start=\"512\" data-end=\"541\">portata fino a 5 metri<\/strong> Consentono di registrare ogni voce senza perdita di qualit\u00e0, anche se i partecipanti si muovono nella stanza.<\/p>\n<p data-start=\"651\" data-end=\"958\">Ideale per conferenze in presenza e riunioni ibride, questo microfono \u00e8 compatibile con piattaforme come Zoom, Skype, GoToMeeting, WebEx e Hangouts. La sua tecnologia di riduzione del rumore blocca efficacemente i rumori di fondo ed elimina l'eco, garantendo un suono chiaro e professionale in ogni sessione.<\/p>\n<p data-start=\"960\" data-end=\"1366\">Grazie alla sua compatibilit\u00e0 con <strong data-start=\"992\" data-end=\"1002\">Voce<\/strong>Le registrazioni effettuate con questo microfono possono essere elaborate utilizzando <strong data-start=\"1077\" data-end=\"1104\">intelligenza artificiale<\/strong>generando <strong data-start=\"1116\" data-end=\"1140\">report automatizzati<\/strong> Queste funzionalit\u00e0 consentono di organizzare e analizzare ogni riunione o lezione in modo rapido ed efficiente. In questo modo, ogni registrazione si trasforma in informazioni pratiche e immediatamente utilizzabili, semplificando la gestione di conferenze e sessioni di lavoro.<\/p>\n<p data-start=\"1368\" data-end=\"1696\">Es <strong data-start=\"1371\" data-end=\"1386\">plug &amp; play<\/strong>Compatibile con Windows e macOS. Basta collegarlo al computer e iniziare a usarlo senza installare driver aggiuntivi. \u00c8 inoltre dotato di un <strong data-start=\"1526\" data-end=\"1547\">pulsante muto<\/strong> con un indicatore luminoso (blu: attivo, rosso: disattivato), che consente di controllare la riunione e disattivare rapidamente il microfono se necessario.<\/p>\n<p data-start=\"1698\" data-end=\"2090\">Grazie al suo design portatile e intuitivo, questo microfono \u00e8 perfetto per insegnanti, consulenti, ricercatori e qualsiasi professionista alla ricerca di efficienza e qualit\u00e0 audio superiore. La sua copertura a 360\u00b0 e la portata di 5 metri garantiscono che tutte le voci vengano catturate chiaramente, mentre Voicit trasforma le registrazioni in report automatici, facendovi risparmiare tempo e fatica.<\/p>\n<p data-start=\"2092\" data-end=\"2335\">Visita <a href=\"http:\/\/voicit.com\/it\/\">Voce<\/a> e scoprire come questo <strong data-start=\"2164\" data-end=\"2219\">Microfono per videoconferenze in presenza e ibride<\/strong> Pu\u00f2 migliorare riunioni, lezioni e conferenze con un audio professionale e una gestione automatica delle informazioni.<\/p>","protected":false},"excerpt":{"rendered":"<p>Ideale per i professionisti che necessitano di registrare tutti gli interventi durante riunioni e conferenze, sia in presenza che in modalit\u00e0 ibrida.<br data-start=\"274\" data-end=\"277\" \/>Compatto, facile da usare e compatibile con Voicit per la generazione rapida e automatizzata di report. Guarda il video.<\/p>","protected":false},"featured_media":7150,"comment_status":"open","ping_status":"closed","template":"","meta":{"site-sidebar-layout":"default","site-content-layout":"","ast-site-content-layout":"default","site-content-style":"default","site-sidebar-style":"default","ast-global-header-display":"","ast-banner-title-visibility":"","ast-main-header-display":"","ast-hfb-above-header-display":"","ast-hfb-below-header-display":"","ast-hfb-mobile-header-display":"","site-post-title":"","ast-breadcrumbs-content":"","ast-featured-img":"","footer-sml-layout":"","theme-transparent-header-meta":"default","adv-header-id-meta":"","stick-header-meta":"","header-above-stick-meta":"","header-main-stick-meta":"","header-below-stick-meta":"","astra-migrate-meta-layouts":"set","ast-page-background-enabled":"default","ast-page-background-meta":{"desktop":{"background-color":"var(--ast-global-color-4)","background-image":"","background-repeat":"repeat","background-position":"center center","background-size":"auto","background-attachment":"scroll","background-type":"","background-media":"","overlay-type":"","overlay-color":"","overlay-gradient":""},"tablet":{"background-color":"","background-image":"","background-repeat":"repeat","background-position":"center center","background-size":"auto","background-attachment":"scroll","background-type":"","background-media":"","overlay-type":"","overlay-color":"","overlay-gradient":""},"mobile":{"background-color":"","background-image":"","background-repeat":"repeat","background-position":"center center","background-size":"auto","background-attachment":"scroll","background-type":"","background-media":"","overlay-type":"","overlay-color":"","overlay-gradient":""}},"ast-content-background-meta":{"desktop":{"background-color":"var(--ast-global-color-5)","background-image":"","background-repeat":"repeat","background-position":"center center","background-size":"auto","background-attachment":"scroll","background-type":"","background-media":"","overlay-type":"","overlay-color":"","overlay-gradient":""},"tablet":{"background-color":"var(--ast-global-color-5)","background-image":"","background-repeat":"repeat","background-position":"center center","background-size":"auto","background-attachment":"scroll","background-type":"","background-media":"","overlay-type":"","overlay-color":"","overlay-gradient":""},"mobile":{"background-color":"var(--ast-global-color-5)","background-image":"","background-repeat":"repeat","background-position":"center center","background-size":"auto","background-attachment":"scroll","background-type":"","background-media":"","overlay-type":"","overlay-color":"","overlay-gradient":""}},"rank_math_title":"Micr\u00f3fono para conferencias presenciales e h\u00edbridas f\u00e1cil de usar %page% %sep% %sitename%","rank_math_description":"Captura todas las voces en reuniones y conferencias con este micr\u00f3fono para conferencias presenciales e h\u00edbridas. Compatible con Voicit, procesa tus grabaciones con IA y genera informes autom\u00e1ticos al instante. Cobertura de 360\u00b0 y alcance de 5 metros.","rank_math_focus_keyword":"Micr\u00f3fono para conferencias presenciales e h\u00edbridas"},"product_brand":[],"product_cat":[54],"product_tag":[],"class_list":{"0":"post-7142","1":"product","2":"type-product","3":"status-publish","4":"has-post-thumbnail","6":"product_cat-microfono","7":"desktop-align-left","8":"tablet-align-left","9":"mobile-align-left","11":"first","12":"instock","13":"sale","14":"sold-individually","15":"shipping-taxable","16":"purchasable","17":"product-type-simple"},"_links":{"self":[{"href":"https:\/\/voicit.com\/it\/wp-json\/wp\/v2\/product\/7142","targetHints":{"allow":["GET"]}}],"collection":[{"href":"https:\/\/voicit.com\/it\/wp-json\/wp\/v2\/product"}],"about":[{"href":"https:\/\/voicit.com\/it\/wp-json\/wp\/v2\/types\/product"}],"replies":[{"embeddable":true,"href":"https:\/\/voicit.com\/it\/wp-json\/wp\/v2\/comments?post=7142"}],"version-history":[{"count":2,"href":"https:\/\/voicit.com\/it\/wp-json\/wp\/v2\/product\/7142\/revisions"}],"predecessor-version":[{"id":7188,"href":"https:\/\/voicit.com\/it\/wp-json\/wp\/v2\/product\/7142\/revisions\/7188"}],"wp:featuredmedia":[{"embeddable":true,"href":"https:\/\/voicit.com\/it\/wp-json\/wp\/v2\/media\/7150"}],"wp:attachment":[{"href":"https:\/\/voicit.com\/it\/wp-json\/wp\/v2\/media?parent=7142"}],"wp:term":[{"taxonomy":"product_brand","embeddable":true,"href":"https:\/\/voicit.com\/it\/wp-json\/wp\/v2\/product_brand?post=7142"},{"taxonomy":"product_cat","embeddable":true,"href":"https:\/\/voicit.com\/it\/wp-json\/wp\/v2\/product_cat?post=7142"},{"taxonomy":"product_tag","embeddable":true,"href":"https:\/\/voicit.com\/it\/wp-json\/wp\/v2\/product_tag?post=7142"}],"curies":[{"name":"wp","href":"https:\/\/api.w.org\/{rel}","templated":true}]}}