{"id":923,"date":"2022-01-04T19:25:33","date_gmt":"2022-01-04T19:25:33","guid":{"rendered":"https:\/\/voicit.com\/?page_id=923"},"modified":"2026-04-03T16:59:07","modified_gmt":"2026-04-03T16:59:07","slug":"politica-sui-cookie","status":"publish","type":"page","link":"https:\/\/voicit.com\/it\/politica-de-cookies\/","title":{"rendered":"Informativa sui cookie"},"content":{"rendered":"<div data-elementor-type=\"wp-page\" data-elementor-id=\"923\" class=\"elementor elementor-923\" data-elementor-post-type=\"page\">\n\t\t\t\t\t\t<section class=\"elementor-section elementor-top-section elementor-element elementor-element-adde6c2 elementor-section-boxed elementor-section-height-default elementor-section-height-default\" data-id=\"adde6c2\" data-element_type=\"section\" data-settings=\"{&quot;background_background&quot;:&quot;classic&quot;}\">\n\t\t\t\t\t\t<div class=\"elementor-container elementor-column-gap-default\">\n\t\t\t\t\t<div class=\"elementor-column elementor-col-100 elementor-top-column elementor-element elementor-element-b028778\" data-id=\"b028778\" data-element_type=\"column\">\n\t\t\t<div class=\"elementor-widget-wrap elementor-element-populated\">\n\t\t\t\t\t\t<div class=\"elementor-element elementor-element-0b74138 elementor-widget elementor-widget-spacer\" data-id=\"0b74138\" data-element_type=\"widget\" data-widget_type=\"spacer.default\">\n\t\t\t\t<div class=\"elementor-widget-container\">\n\t\t\t\t\t\t\t<div class=\"elementor-spacer\">\n\t\t\t<div class=\"elementor-spacer-inner\"><\/div>\n\t\t<\/div>\n\t\t\t\t\t\t<\/div>\n\t\t\t\t<\/div>\n\t\t\t\t<div class=\"elementor-element elementor-element-4e08b19 h1 elementor-widget elementor-widget-text-editor\" data-id=\"4e08b19\" data-element_type=\"widget\" data-widget_type=\"text-editor.default\">\n\t\t\t\t<div class=\"elementor-widget-container\">\n\t\t\t\t\t\t\t\t\t<h1 class=\"h1\" style=\"color: #161616;\">Informativa sui cookie<\/h1>\t\t\t\t\t\t\t\t<\/div>\n\t\t\t\t<\/div>\n\t\t\t\t<div class=\"elementor-element elementor-element-4d3e1c4 body02 elementor-widget elementor-widget-text-editor\" data-id=\"4d3e1c4\" data-element_type=\"widget\" data-widget_type=\"text-editor.default\">\n\t\t\t\t<div class=\"elementor-widget-container\">\n\t\t\t\t\t\t\t\t\t<p>Su questo sito web, raccogliamo e utilizziamo le informazioni come descritto nella nostra informativa sulla privacy. Uno dei metodi che utilizziamo per raccogliere informazioni \u00e8 tramite una tecnologia chiamata \"cookie\". Su voicit.com, utilizziamo i cookie per diverse finalit\u00e0.<\/p>\t\t\t\t\t\t\t\t<\/div>\n\t\t\t\t<\/div>\n\t\t\t\t<div class=\"elementor-element elementor-element-5b2642a h3 elementor-widget elementor-widget-text-editor\" data-id=\"5b2642a\" data-element_type=\"widget\" data-widget_type=\"text-editor.default\">\n\t\t\t\t<div class=\"elementor-widget-container\">\n\t\t\t\t\t\t\t\t\t<h2>Cosa sono i cookie?<\/h2>\t\t\t\t\t\t\t\t<\/div>\n\t\t\t\t<\/div>\n\t\t\t\t<div class=\"elementor-element elementor-element-2feacff body02 elementor-widget elementor-widget-text-editor\" data-id=\"2feacff\" data-element_type=\"widget\" data-widget_type=\"text-editor.default\">\n\t\t\t\t<div class=\"elementor-widget-container\">\n\t\t\t\t\t\t\t\t\t<p>Un cookie \u00e8 un file che viene scaricato sul tuo computer o dispositivo quando accedi a determinate pagine web. I cookie permettono a un sito web, tra le altre cose, di memorizzare e recuperare informazioni sulle abitudini di navigazione dell'utente o del suo dispositivo e, a seconda delle informazioni che contengono e di come utilizzi il dispositivo, possono essere utilizzati per riconoscere l'utente.<\/p>\t\t\t\t\t\t\t\t<\/div>\n\t\t\t\t<\/div>\n\t\t\t\t<div class=\"elementor-element elementor-element-87f3443 h3 elementor-widget elementor-widget-text-editor\" data-id=\"87f3443\" data-element_type=\"widget\" data-widget_type=\"text-editor.default\">\n\t\t\t\t<div class=\"elementor-widget-container\">\n\t\t\t\t\t\t\t\t\t<h2>Che tipi di cookie utilizza questo sito web?<\/h2>\t\t\t\t\t\t\t\t<\/div>\n\t\t\t\t<\/div>\n\t\t\t\t<div class=\"elementor-element elementor-element-5f68f99 body02 elementor-widget elementor-widget-text-editor\" data-id=\"5f68f99\" data-element_type=\"widget\" data-widget_type=\"text-editor.default\">\n\t\t\t\t<div class=\"elementor-widget-container\">\n\t\t\t\t\t\t\t\t\t<p>Seguendo le linee guida dell'Agenzia spagnola per la protezione dei dati, procediamo a dettagliare l'utilizzo di <em>biscotti<\/em> Questo sito web si propone di fornirvi informazioni nel modo pi\u00f9 accurato possibile. <strong>Voice.es<\/strong> utilizza i seguenti tipi di cookie:<\/p>\t\t\t\t\t\t\t\t<\/div>\n\t\t\t\t<\/div>\n\t\t\t\t<div class=\"elementor-element elementor-element-8e9434d body02 elementor-widget elementor-widget-text-editor\" data-id=\"8e9434d\" data-element_type=\"widget\" data-widget_type=\"text-editor.default\">\n\t\t\t\t<div class=\"elementor-widget-container\">\n\t\t\t\t\t\t\t\t\t<h3><strong>Cookie di prima parte<\/strong><\/h3><p>1. Cookie di sessione, per garantire che gli utenti che pubblicano commenti sul blog siano persone reali e non applicazioni automatizzate. Questo aiuta a contrastare [quanto segue]. <em>spam<\/em>Questi cookie vengono eliminati quando si interrompe la navigazione sul nostro sito web oppure, se si ha una sessione attiva, al momento del logout.<\/p><p>2. Cookie di archiviazione locale: per mantenere le sessioni aperte e salvare il consenso ai cookie.<\/p>\t\t\t\t\t\t\t\t<\/div>\n\t\t\t\t<\/div>\n\t\t\t\t<div class=\"elementor-element elementor-element-aaeeeee body02 elementor-widget elementor-widget-text-editor\" data-id=\"aaeeeee\" data-element_type=\"widget\" data-widget_type=\"text-editor.default\">\n\t\t\t\t<div class=\"elementor-widget-container\">\n\t\t\t\t\t\t\t\t\t<h3><strong>Cookie di terze parti<\/strong><\/h3><p><strong>Cookie analitici:<\/strong> Questi dati, raccolti esclusivamente da terze parti, ci consentono di quantificare il numero di utenti e quindi di effettuare analisi statistiche su come gli utenti utilizzano il servizio offerto. Ci\u00f2 comporta l'analisi della tua attivit\u00e0 di navigazione sul nostro sito web per migliorare i prodotti e i servizi che offriamo.<\/p><p>1. Google Analytics<\/p><p>2. Pixel di Facebook<\/p>\t\t\t\t\t\t\t\t<\/div>\n\t\t\t\t<\/div>\n\t\t\t\t<div class=\"elementor-element elementor-element-c0ea417 body02 elementor-widget elementor-widget-text-editor\" data-id=\"c0ea417\" data-element_type=\"widget\" data-widget_type=\"text-editor.default\">\n\t\t\t\t<div class=\"elementor-widget-container\">\n\t\t\t\t\t\t\t\t\t<h3><strong>Cookie pubblicitari<\/strong><\/h3><p>Utilizziamo Google AdSense, un servizio che analizza i cookie per gestire al meglio gli spazi pubblicitari sul nostro sito web, adattando i contenuti degli annunci al servizio richiesto o all'utilizzo del sito da parte dell'utente. A tal fine, potremmo analizzare le abitudini di navigazione dell'utente e mostrargli annunci pertinenti al suo profilo di navigazione.<\/p>\t\t\t\t\t\t\t\t<\/div>\n\t\t\t\t<\/div>\n\t\t\t\t<div class=\"elementor-element elementor-element-141de51 body02 elementor-widget elementor-widget-text-editor\" data-id=\"141de51\" data-element_type=\"widget\" data-widget_type=\"text-editor.default\">\n\t\t\t\t<div class=\"elementor-widget-container\">\n\t\t\t\t\t\t\t\t\t<h3><strong>Cookie dei social media<\/strong><\/h3><p>Ogni social network utilizza il proprio <em>biscotti<\/em> in modo che tu possa cliccare su pulsanti come <em>Mi piace<\/em> o <em>Condividere<\/em>Oltre che nei commenti di Facebook incorporati in alcuni dei nostri articoli.<\/p>\t\t\t\t\t\t\t\t<\/div>\n\t\t\t\t<\/div>\n\t\t\t\t<div class=\"elementor-element elementor-element-e6e0780 h3 elementor-widget elementor-widget-text-editor\" data-id=\"e6e0780\" data-element_type=\"widget\" data-widget_type=\"text-editor.default\">\n\t\t\t\t<div class=\"elementor-widget-container\">\n\t\t\t\t\t\t\t\t\t<h2>Che tipi di cookie utilizza questo sito web?<\/h2>\t\t\t\t\t\t\t\t<\/div>\n\t\t\t\t<\/div>\n\t\t\t\t<div class=\"elementor-element elementor-element-aa58205 body02 elementor-widget elementor-widget-text-editor\" data-id=\"aa58205\" data-element_type=\"widget\" data-widget_type=\"text-editor.default\">\n\t\t\t\t<div class=\"elementor-widget-container\">\n\t\t\t\t\t\t\t\t\t<p>\u00c8 possibile esercitare il diritto di disabilitare o eliminare i cookie da questo sito web in qualsiasi momento. Le procedure variano a seconda del browser utilizzato.<\/p>\t\t\t\t\t\t\t\t<\/div>\n\t\t\t\t<\/div>\n\t\t\t\t<div class=\"elementor-element elementor-element-ffaa5d5 caption elementor-widget elementor-widget-text-editor\" data-id=\"ffaa5d5\" data-element_type=\"widget\" data-widget_type=\"text-editor.default\">\n\t\t\t\t<div class=\"elementor-widget-container\">\n\t\t\t\t\t\t\t\t\t<p><strong>IMPORTANTE: <\/strong>Puoi eliminare qualsiasi informazione che ritieni rilevante dai server di Google tramite il sito web: https:\/\/myactivity.google.com\/myactivity<\/p>\t\t\t\t\t\t\t\t<\/div>\n\t\t\t\t<\/div>\n\t\t\t\t<div class=\"elementor-element elementor-element-53141d3 elementor-widget elementor-widget-spacer\" data-id=\"53141d3\" data-element_type=\"widget\" data-widget_type=\"spacer.default\">\n\t\t\t\t<div class=\"elementor-widget-container\">\n\t\t\t\t\t\t\t<div class=\"elementor-spacer\">\n\t\t\t<div class=\"elementor-spacer-inner\"><\/div>\n\t\t<\/div>\n\t\t\t\t\t\t<\/div>\n\t\t\t\t<\/div>\n\t\t\t\t\t<\/div>\n\t\t<\/div>\n\t\t\t\t\t<\/div>\n\t\t<\/section>\n\t\t\t\t<\/div>","protected":false},"excerpt":{"rendered":"<p>Pol\u00edtica de cookies En esta web recopilamos y utilizamos la informaci\u00f3n seg\u00fan indicamos en nuestra pol\u00edtica de privacidad. Una de las formas en las que recopilamos informaci\u00f3n es a trav\u00e9s del uso de la tecnolog\u00eda llamada \u201ccookies\u201d. En voicit.com, utilizamos cookies para diversos prop\u00f3sitos. \u00bfQu\u00e9 son las cookies? Una cookie es un fichero que se [&hellip;]<\/p>\n","protected":false},"author":1,"featured_media":0,"parent":0,"menu_order":0,"comment_status":"closed","ping_status":"closed","template":"","meta":{"site-sidebar-layout":"no-sidebar","site-content-layout":"page-builder","ast-site-content-layout":"","site-content-style":"default","site-sidebar-style":"default","ast-global-header-display":"","ast-banner-title-visibility":"","ast-main-header-display":"","ast-hfb-above-header-display":"","ast-hfb-below-header-display":"","ast-hfb-mobile-header-display":"","site-post-title":"disabled","ast-breadcrumbs-content":"","ast-featured-img":"disabled","footer-sml-layout":"","theme-transparent-header-meta":"","adv-header-id-meta":"","stick-header-meta":"","header-above-stick-meta":"","header-main-stick-meta":"","header-below-stick-meta":"","astra-migrate-meta-layouts":"default","ast-page-background-enabled":"default","ast-page-background-meta":{"desktop":{"background-color":"var(--ast-global-color-4)","background-image":"","background-repeat":"repeat","background-position":"center center","background-size":"auto","background-attachment":"scroll","background-type":"","background-media":"","overlay-type":"","overlay-color":"","overlay-gradient":""},"tablet":{"background-color":"","background-image":"","background-repeat":"repeat","background-position":"center center","background-size":"auto","background-attachment":"scroll","background-type":"","background-media":"","overlay-type":"","overlay-color":"","overlay-gradient":""},"mobile":{"background-color":"","background-image":"","background-repeat":"repeat","background-position":"center center","background-size":"auto","background-attachment":"scroll","background-type":"","background-media":"","overlay-type":"","overlay-color":"","overlay-gradient":""}},"ast-content-background-meta":{"desktop":{"background-color":"var(--ast-global-color-5)","background-image":"","background-repeat":"repeat","background-position":"center center","background-size":"auto","background-attachment":"scroll","background-type":"","background-media":"","overlay-type":"","overlay-color":"","overlay-gradient":""},"tablet":{"background-color":"var(--ast-global-color-5)","background-image":"","background-repeat":"repeat","background-position":"center center","background-size":"auto","background-attachment":"scroll","background-type":"","background-media":"","overlay-type":"","overlay-color":"","overlay-gradient":""},"mobile":{"background-color":"var(--ast-global-color-5)","background-image":"","background-repeat":"repeat","background-position":"center center","background-size":"auto","background-attachment":"scroll","background-type":"","background-media":"","overlay-type":"","overlay-color":"","overlay-gradient":""}},"footnotes":"","rank_math_title":"","rank_math_description":"","rank_math_focus_keyword":""},"class_list":["post-923","page","type-page","status-publish","hentry"],"_links":{"self":[{"href":"https:\/\/voicit.com\/it\/wp-json\/wp\/v2\/pages\/923","targetHints":{"allow":["GET"]}}],"collection":[{"href":"https:\/\/voicit.com\/it\/wp-json\/wp\/v2\/pages"}],"about":[{"href":"https:\/\/voicit.com\/it\/wp-json\/wp\/v2\/types\/page"}],"author":[{"embeddable":true,"href":"https:\/\/voicit.com\/it\/wp-json\/wp\/v2\/users\/1"}],"replies":[{"embeddable":true,"href":"https:\/\/voicit.com\/it\/wp-json\/wp\/v2\/comments?post=923"}],"version-history":[{"count":53,"href":"https:\/\/voicit.com\/it\/wp-json\/wp\/v2\/pages\/923\/revisions"}],"predecessor-version":[{"id":4423,"href":"https:\/\/voicit.com\/it\/wp-json\/wp\/v2\/pages\/923\/revisions\/4423"}],"wp:attachment":[{"href":"https:\/\/voicit.com\/it\/wp-json\/wp\/v2\/media?parent=923"}],"curies":[{"name":"wp","href":"https:\/\/api.w.org\/{rel}","templated":true}]}}