{"id":923,"date":"2022-01-04T19:25:33","date_gmt":"2022-01-04T19:25:33","guid":{"rendered":"https:\/\/voicit.com\/?page_id=923"},"modified":"2026-04-03T16:59:07","modified_gmt":"2026-04-03T16:59:07","slug":"politique-en-matiere-de-cookies","status":"publish","type":"page","link":"https:\/\/voicit.com\/fr\/politica-de-cookies\/","title":{"rendered":"Politique de cookies"},"content":{"rendered":"<div data-elementor-type=\"wp-page\" data-elementor-id=\"923\" class=\"elementor elementor-923\" data-elementor-post-type=\"page\">\n\t\t\t\t\t\t<section class=\"elementor-section elementor-top-section elementor-element elementor-element-adde6c2 elementor-section-boxed elementor-section-height-default elementor-section-height-default\" data-id=\"adde6c2\" data-element_type=\"section\" data-settings=\"{&quot;background_background&quot;:&quot;classic&quot;}\">\n\t\t\t\t\t\t<div class=\"elementor-container elementor-column-gap-default\">\n\t\t\t\t\t<div class=\"elementor-column elementor-col-100 elementor-top-column elementor-element elementor-element-b028778\" data-id=\"b028778\" data-element_type=\"column\">\n\t\t\t<div class=\"elementor-widget-wrap elementor-element-populated\">\n\t\t\t\t\t\t<div class=\"elementor-element elementor-element-0b74138 elementor-widget elementor-widget-spacer\" data-id=\"0b74138\" data-element_type=\"widget\" data-widget_type=\"spacer.default\">\n\t\t\t\t<div class=\"elementor-widget-container\">\n\t\t\t\t\t\t\t<div class=\"elementor-spacer\">\n\t\t\t<div class=\"elementor-spacer-inner\"><\/div>\n\t\t<\/div>\n\t\t\t\t\t\t<\/div>\n\t\t\t\t<\/div>\n\t\t\t\t<div class=\"elementor-element elementor-element-4e08b19 h1 elementor-widget elementor-widget-text-editor\" data-id=\"4e08b19\" data-element_type=\"widget\" data-widget_type=\"text-editor.default\">\n\t\t\t\t<div class=\"elementor-widget-container\">\n\t\t\t\t\t\t\t\t\t<h1 class=\"h1\" style=\"color: #161616;\">Politique de cookies<\/h1>\t\t\t\t\t\t\t\t<\/div>\n\t\t\t\t<\/div>\n\t\t\t\t<div class=\"elementor-element elementor-element-4d3e1c4 body02 elementor-widget elementor-widget-text-editor\" data-id=\"4d3e1c4\" data-element_type=\"widget\" data-widget_type=\"text-editor.default\">\n\t\t\t\t<div class=\"elementor-widget-container\">\n\t\t\t\t\t\t\t\t\t<p>Sur ce site web, nous recueillons et utilisons des informations conform\u00e9ment \u00e0 notre politique de confidentialit\u00e9. Nous utilisons notamment des cookies pour recueillir des informations. Sur voixt.com, nous utilisons des cookies \u00e0 diverses fins.<\/p>\t\t\t\t\t\t\t\t<\/div>\n\t\t\t\t<\/div>\n\t\t\t\t<div class=\"elementor-element elementor-element-5b2642a h3 elementor-widget elementor-widget-text-editor\" data-id=\"5b2642a\" data-element_type=\"widget\" data-widget_type=\"text-editor.default\">\n\t\t\t\t<div class=\"elementor-widget-container\">\n\t\t\t\t\t\t\t\t\t<h2>Que sont les cookies ?<\/h2>\t\t\t\t\t\t\t\t<\/div>\n\t\t\t\t<\/div>\n\t\t\t\t<div class=\"elementor-element elementor-element-2feacff body02 elementor-widget elementor-widget-text-editor\" data-id=\"2feacff\" data-element_type=\"widget\" data-widget_type=\"text-editor.default\">\n\t\t\t\t<div class=\"elementor-widget-container\">\n\t\t\t\t\t\t\t\t\t<p>Un cookie est un fichier t\u00e9l\u00e9charg\u00e9 sur votre ordinateur ou appareil lorsque vous consultez certaines pages web. Les cookies permettent notamment \u00e0 un site web de stocker et de r\u00e9cup\u00e9rer des informations relatives \u00e0 vos habitudes de navigation ou \u00e0 votre appareil et, selon les informations qu'ils contiennent et votre utilisation de l'appareil, ils peuvent servir \u00e0 vous reconna\u00eetre.<\/p>\t\t\t\t\t\t\t\t<\/div>\n\t\t\t\t<\/div>\n\t\t\t\t<div class=\"elementor-element elementor-element-87f3443 h3 elementor-widget elementor-widget-text-editor\" data-id=\"87f3443\" data-element_type=\"widget\" data-widget_type=\"text-editor.default\">\n\t\t\t\t<div class=\"elementor-widget-container\">\n\t\t\t\t\t\t\t\t\t<h2>Quels types de cookies ce site web utilise-t-il\u00a0?<\/h2>\t\t\t\t\t\t\t\t<\/div>\n\t\t\t\t<\/div>\n\t\t\t\t<div class=\"elementor-element elementor-element-5f68f99 body02 elementor-widget elementor-widget-text-editor\" data-id=\"5f68f99\" data-element_type=\"widget\" data-widget_type=\"text-editor.default\">\n\t\t\t\t<div class=\"elementor-widget-container\">\n\t\t\t\t\t\t\t\t\t<p>Conform\u00e9ment aux directives de l'Agence espagnole de protection des donn\u00e9es, nous d\u00e9taillons ci-apr\u00e8s l'utilisation de <em>cookies<\/em> Ce site web a pour but de vous informer aussi pr\u00e9cis\u00e9ment que possible. <strong>Voicit.es<\/strong> utilise les types de cookies suivants\u00a0:<\/p>\t\t\t\t\t\t\t\t<\/div>\n\t\t\t\t<\/div>\n\t\t\t\t<div class=\"elementor-element elementor-element-8e9434d body02 elementor-widget elementor-widget-text-editor\" data-id=\"8e9434d\" data-element_type=\"widget\" data-widget_type=\"text-editor.default\">\n\t\t\t\t<div class=\"elementor-widget-container\">\n\t\t\t\t\t\t\t\t\t<h3><strong>Cookies internes<\/strong><\/h3><p>1. Cookies de session, afin de garantir que les utilisateurs qui publient des commentaires sur le blog sont des humains et non des applications automatis\u00e9es. Cela permet de lutter contre [ce qui suit]. <em>courrier ind\u00e9sirable<\/em>Ces cookies sont supprim\u00e9s lorsque vous cessez de naviguer sur notre site web ou, si vous avez une session active, lorsque vous vous d\u00e9connectez.<\/p><p>2. Cookies de stockage local\u00a0: pour maintenir les sessions ouvertes et enregistrer le consentement relatif aux cookies.<\/p>\t\t\t\t\t\t\t\t<\/div>\n\t\t\t\t<\/div>\n\t\t\t\t<div class=\"elementor-element elementor-element-aaeeeee body02 elementor-widget elementor-widget-text-editor\" data-id=\"aaeeeee\" data-element_type=\"widget\" data-widget_type=\"text-editor.default\">\n\t\t\t\t<div class=\"elementor-widget-container\">\n\t\t\t\t\t\t\t\t\t<h3><strong>Cookies tiers<\/strong><\/h3><p><strong>Cookies analytiques\u00a0:<\/strong> Ces donn\u00e9es, collect\u00e9es exclusivement par des tiers, nous permettent de quantifier le nombre d'utilisateurs et ainsi d'effectuer une analyse statistique de leur utilisation du service propos\u00e9. Cela implique d'analyser votre activit\u00e9 de navigation sur notre site web afin d'am\u00e9liorer les produits et services que nous offrons.<\/p><p>1. Google Analytics<\/p><p>2. Pixel Facebook<\/p>\t\t\t\t\t\t\t\t<\/div>\n\t\t\t\t<\/div>\n\t\t\t\t<div class=\"elementor-element elementor-element-c0ea417 body02 elementor-widget elementor-widget-text-editor\" data-id=\"c0ea417\" data-element_type=\"widget\" data-widget_type=\"text-editor.default\">\n\t\t\t\t<div class=\"elementor-widget-container\">\n\t\t\t\t\t\t\t\t\t<h3><strong>Cookies publicitaires<\/strong><\/h3><p>Nous utilisons Google AdSense, un service qui analyse les cookies afin de g\u00e9rer au mieux l'espace publicitaire sur notre site web et d'adapter le contenu des annonces au service que vous demandez ou \u00e0 votre utilisation du site. Pour ce faire, nous pouvons analyser vos habitudes de navigation et vous afficher des publicit\u00e9s correspondant \u00e0 votre profil de navigation.<\/p>\t\t\t\t\t\t\t\t<\/div>\n\t\t\t\t<\/div>\n\t\t\t\t<div class=\"elementor-element elementor-element-141de51 body02 elementor-widget elementor-widget-text-editor\" data-id=\"141de51\" data-element_type=\"widget\" data-widget_type=\"text-editor.default\">\n\t\t\t\t<div class=\"elementor-widget-container\">\n\t\t\t\t\t\t\t\t\t<h3><strong>Cookies des r\u00e9seaux sociaux<\/strong><\/h3><p>Chaque r\u00e9seau social utilise le sien <em>cookies<\/em> pour que vous puissiez cliquer sur des boutons comme <em>J'aime<\/em> o <em>Partager<\/em>Ainsi que dans les commentaires Facebook int\u00e9gr\u00e9s \u00e0 certains de nos articles.<\/p>\t\t\t\t\t\t\t\t<\/div>\n\t\t\t\t<\/div>\n\t\t\t\t<div class=\"elementor-element elementor-element-e6e0780 h3 elementor-widget elementor-widget-text-editor\" data-id=\"e6e0780\" data-element_type=\"widget\" data-widget_type=\"text-editor.default\">\n\t\t\t\t<div class=\"elementor-widget-container\">\n\t\t\t\t\t\t\t\t\t<h2>Quels types de cookies ce site web utilise-t-il\u00a0?<\/h2>\t\t\t\t\t\t\t\t<\/div>\n\t\t\t\t<\/div>\n\t\t\t\t<div class=\"elementor-element elementor-element-aa58205 body02 elementor-widget elementor-widget-text-editor\" data-id=\"aa58205\" data-element_type=\"widget\" data-widget_type=\"text-editor.default\">\n\t\t\t\t<div class=\"elementor-widget-container\">\n\t\t\t\t\t\t\t\t\t<p>Vous pouvez \u00e0 tout moment exercer votre droit de d\u00e9sactiver ou de supprimer les cookies de ce site web. La proc\u00e9dure varie selon le navigateur utilis\u00e9.<\/p>\t\t\t\t\t\t\t\t<\/div>\n\t\t\t\t<\/div>\n\t\t\t\t<div class=\"elementor-element elementor-element-ffaa5d5 caption elementor-widget elementor-widget-text-editor\" data-id=\"ffaa5d5\" data-element_type=\"widget\" data-widget_type=\"text-editor.default\">\n\t\t\t\t<div class=\"elementor-widget-container\">\n\t\t\t\t\t\t\t\t\t<p><strong>IMPORTANT: <\/strong>Vous pouvez supprimer les informations que vous jugez pertinentes des serveurs de Google via le site web\u00a0: https:\/\/myactivity.google.com\/myactivity<\/p>\t\t\t\t\t\t\t\t<\/div>\n\t\t\t\t<\/div>\n\t\t\t\t<div class=\"elementor-element elementor-element-53141d3 elementor-widget elementor-widget-spacer\" data-id=\"53141d3\" data-element_type=\"widget\" data-widget_type=\"spacer.default\">\n\t\t\t\t<div class=\"elementor-widget-container\">\n\t\t\t\t\t\t\t<div class=\"elementor-spacer\">\n\t\t\t<div class=\"elementor-spacer-inner\"><\/div>\n\t\t<\/div>\n\t\t\t\t\t\t<\/div>\n\t\t\t\t<\/div>\n\t\t\t\t\t<\/div>\n\t\t<\/div>\n\t\t\t\t\t<\/div>\n\t\t<\/section>\n\t\t\t\t<\/div>","protected":false},"excerpt":{"rendered":"<p>Pol\u00edtica de cookies En esta web recopilamos y utilizamos la informaci\u00f3n seg\u00fan indicamos en nuestra pol\u00edtica de privacidad. Una de las formas en las que recopilamos informaci\u00f3n es a trav\u00e9s del uso de la tecnolog\u00eda llamada \u201ccookies\u201d. En voicit.com, utilizamos cookies para diversos prop\u00f3sitos. \u00bfQu\u00e9 son las cookies? Una cookie es un fichero que se [&hellip;]<\/p>\n","protected":false},"author":1,"featured_media":0,"parent":0,"menu_order":0,"comment_status":"closed","ping_status":"closed","template":"","meta":{"site-sidebar-layout":"no-sidebar","site-content-layout":"page-builder","ast-site-content-layout":"","site-content-style":"default","site-sidebar-style":"default","ast-global-header-display":"","ast-banner-title-visibility":"","ast-main-header-display":"","ast-hfb-above-header-display":"","ast-hfb-below-header-display":"","ast-hfb-mobile-header-display":"","site-post-title":"disabled","ast-breadcrumbs-content":"","ast-featured-img":"disabled","footer-sml-layout":"","theme-transparent-header-meta":"","adv-header-id-meta":"","stick-header-meta":"","header-above-stick-meta":"","header-main-stick-meta":"","header-below-stick-meta":"","astra-migrate-meta-layouts":"default","ast-page-background-enabled":"default","ast-page-background-meta":{"desktop":{"background-color":"var(--ast-global-color-4)","background-image":"","background-repeat":"repeat","background-position":"center center","background-size":"auto","background-attachment":"scroll","background-type":"","background-media":"","overlay-type":"","overlay-color":"","overlay-gradient":""},"tablet":{"background-color":"","background-image":"","background-repeat":"repeat","background-position":"center center","background-size":"auto","background-attachment":"scroll","background-type":"","background-media":"","overlay-type":"","overlay-color":"","overlay-gradient":""},"mobile":{"background-color":"","background-image":"","background-repeat":"repeat","background-position":"center center","background-size":"auto","background-attachment":"scroll","background-type":"","background-media":"","overlay-type":"","overlay-color":"","overlay-gradient":""}},"ast-content-background-meta":{"desktop":{"background-color":"var(--ast-global-color-5)","background-image":"","background-repeat":"repeat","background-position":"center center","background-size":"auto","background-attachment":"scroll","background-type":"","background-media":"","overlay-type":"","overlay-color":"","overlay-gradient":""},"tablet":{"background-color":"var(--ast-global-color-5)","background-image":"","background-repeat":"repeat","background-position":"center center","background-size":"auto","background-attachment":"scroll","background-type":"","background-media":"","overlay-type":"","overlay-color":"","overlay-gradient":""},"mobile":{"background-color":"var(--ast-global-color-5)","background-image":"","background-repeat":"repeat","background-position":"center center","background-size":"auto","background-attachment":"scroll","background-type":"","background-media":"","overlay-type":"","overlay-color":"","overlay-gradient":""}},"footnotes":"","rank_math_title":"","rank_math_description":"","rank_math_focus_keyword":""},"class_list":["post-923","page","type-page","status-publish","hentry"],"_links":{"self":[{"href":"https:\/\/voicit.com\/fr\/wp-json\/wp\/v2\/pages\/923","targetHints":{"allow":["GET"]}}],"collection":[{"href":"https:\/\/voicit.com\/fr\/wp-json\/wp\/v2\/pages"}],"about":[{"href":"https:\/\/voicit.com\/fr\/wp-json\/wp\/v2\/types\/page"}],"author":[{"embeddable":true,"href":"https:\/\/voicit.com\/fr\/wp-json\/wp\/v2\/users\/1"}],"replies":[{"embeddable":true,"href":"https:\/\/voicit.com\/fr\/wp-json\/wp\/v2\/comments?post=923"}],"version-history":[{"count":53,"href":"https:\/\/voicit.com\/fr\/wp-json\/wp\/v2\/pages\/923\/revisions"}],"predecessor-version":[{"id":4423,"href":"https:\/\/voicit.com\/fr\/wp-json\/wp\/v2\/pages\/923\/revisions\/4423"}],"wp:attachment":[{"href":"https:\/\/voicit.com\/fr\/wp-json\/wp\/v2\/media?parent=923"}],"curies":[{"name":"wp","href":"https:\/\/api.w.org\/{rel}","templated":true}]}}