{"id":7748,"date":"2026-02-11T15:59:26","date_gmt":"2026-02-11T15:59:26","guid":{"rendered":"https:\/\/voicit.com\/?page_id=7748"},"modified":"2026-04-03T16:58:50","modified_gmt":"2026-04-03T16:58:50","slug":"generalitat-valencien","status":"publish","type":"page","link":"https:\/\/voicit.com\/fr\/generalitat-valenciana\/","title":{"rendered":"Gouvernement valencien"},"content":{"rendered":"<div data-elementor-type=\"wp-page\" data-elementor-id=\"7748\" class=\"elementor elementor-7748\" data-elementor-post-type=\"page\">\n\t\t\t\t\t\t<section class=\"elementor-section elementor-top-section elementor-element elementor-element-87bbd58 elementor-section-boxed elementor-section-height-default elementor-section-height-default\" data-id=\"87bbd58\" data-element_type=\"section\" data-settings=\"{&quot;background_background&quot;:&quot;classic&quot;}\">\n\t\t\t\t\t\t<div class=\"elementor-container elementor-column-gap-default\">\n\t\t\t\t\t<div class=\"elementor-column elementor-col-100 elementor-top-column elementor-element elementor-element-c12e112\" data-id=\"c12e112\" data-element_type=\"column\">\n\t\t\t<div class=\"elementor-widget-wrap elementor-element-populated\">\n\t\t\t\t\t\t<div class=\"elementor-element elementor-element-f8a9f98 elementor-widget elementor-widget-spacer\" data-id=\"f8a9f98\" data-element_type=\"widget\" data-widget_type=\"spacer.default\">\n\t\t\t\t<div class=\"elementor-widget-container\">\n\t\t\t\t\t\t\t<div class=\"elementor-spacer\">\n\t\t\t<div class=\"elementor-spacer-inner\"><\/div>\n\t\t<\/div>\n\t\t\t\t\t\t<\/div>\n\t\t\t\t<\/div>\n\t\t\t\t<div class=\"elementor-element elementor-element-11e57da h1 elementor-widget elementor-widget-text-editor\" data-id=\"11e57da\" data-element_type=\"widget\" data-widget_type=\"text-editor.default\">\n\t\t\t\t<div class=\"elementor-widget-container\">\n\t\t\t\t\t\t\t\t\t<h1 class=\"h1\" style=\"color: #161616;\">Voicit, une entreprise b\u00e9n\u00e9ficiaire de l'aide EMPYME 2025 du gouvernement valencien<\/h1>\t\t\t\t\t\t\t\t<\/div>\n\t\t\t\t<\/div>\n\t\t\t\t<div class=\"elementor-element elementor-element-ab50751 body02 elementor-widget elementor-widget-text-editor\" data-id=\"ab50751\" data-element_type=\"widget\" data-widget_type=\"text-editor.default\">\n\t\t\t\t<div class=\"elementor-widget-container\">\n\t\t\t\t\t\t\t\t\t<p>Voicit Technologies, SL a obtenu un financement EMPYME 2025 du gouvernement r\u00e9gional valencien, d'un montant total approuv\u00e9 de 5\u00a0231,85\u00a0\u20ac. Cette subvention vise \u00e0 soutenir la croissance, la consolidation et la comp\u00e9titivit\u00e9 des petites et moyennes entreprises (PME) de la Communaut\u00e9 valencienne, en renfor\u00e7ant leurs capacit\u00e9s d'innovation et de d\u00e9veloppement technologique. Gr\u00e2ce \u00e0 ce soutien institutionnel, Voicit poursuit son engagement en faveur de l'am\u00e9lioration continue, de l'optimisation des processus et du d\u00e9veloppement de solutions technologiques avanc\u00e9es ax\u00e9es sur la gestion des talents et des ressources humaines.<\/p>\t\t\t\t\t\t\t\t<\/div>\n\t\t\t\t<\/div>\n\t\t\t\t<div class=\"elementor-element elementor-element-d8d909c elementor-widget elementor-widget-spacer\" data-id=\"d8d909c\" data-element_type=\"widget\" data-widget_type=\"spacer.default\">\n\t\t\t\t<div class=\"elementor-widget-container\">\n\t\t\t\t\t\t\t<div class=\"elementor-spacer\">\n\t\t\t<div class=\"elementor-spacer-inner\"><\/div>\n\t\t<\/div>\n\t\t\t\t\t\t<\/div>\n\t\t\t\t<\/div>\n\t\t\t\t\t<\/div>\n\t\t<\/div>\n\t\t\t\t\t<\/div>\n\t\t<\/section>\n\t\t\t\t<\/div>","protected":false},"excerpt":{"rendered":"<p>Voicit, empresa beneficiaria de la ayuda EMPYME 2025 de la Generalitat Valenciana Voicit Technologies, S.L. ha sido beneficiaria de la ayuda EMPYME 2025 concedida por la Generalitat Valenciana, con un importe total aprobado de 5.231,85 euros. Esta subvenci\u00f3n tiene como finalidad apoyar el crecimiento, la consolidaci\u00f3n y la competitividad de las peque\u00f1as y medianas empresas [&hellip;]<\/p>\n","protected":false},"author":1,"featured_media":0,"parent":0,"menu_order":0,"comment_status":"closed","ping_status":"closed","template":"","meta":{"site-sidebar-layout":"no-sidebar","site-content-layout":"page-builder","ast-site-content-layout":"full-width-container","site-content-style":"default","site-sidebar-style":"default","ast-global-header-display":"","ast-banner-title-visibility":"","ast-main-header-display":"","ast-hfb-above-header-display":"","ast-hfb-below-header-display":"","ast-hfb-mobile-header-display":"","site-post-title":"disabled","ast-breadcrumbs-content":"","ast-featured-img":"disabled","footer-sml-layout":"","theme-transparent-header-meta":"","adv-header-id-meta":"","stick-header-meta":"","header-above-stick-meta":"","header-main-stick-meta":"","header-below-stick-meta":"","astra-migrate-meta-layouts":"set","ast-page-background-enabled":"default","ast-page-background-meta":{"desktop":{"background-color":"var(--ast-global-color-4)","background-image":"","background-repeat":"repeat","background-position":"center center","background-size":"auto","background-attachment":"scroll","background-type":"","background-media":"","overlay-type":"","overlay-color":"","overlay-gradient":""},"tablet":{"background-color":"","background-image":"","background-repeat":"repeat","background-position":"center center","background-size":"auto","background-attachment":"scroll","background-type":"","background-media":"","overlay-type":"","overlay-color":"","overlay-gradient":""},"mobile":{"background-color":"","background-image":"","background-repeat":"repeat","background-position":"center center","background-size":"auto","background-attachment":"scroll","background-type":"","background-media":"","overlay-type":"","overlay-color":"","overlay-gradient":""}},"ast-content-background-meta":{"desktop":{"background-color":"var(--ast-global-color-5)","background-image":"","background-repeat":"repeat","background-position":"center center","background-size":"auto","background-attachment":"scroll","background-type":"","background-media":"","overlay-type":"","overlay-color":"","overlay-gradient":""},"tablet":{"background-color":"var(--ast-global-color-5)","background-image":"","background-repeat":"repeat","background-position":"center center","background-size":"auto","background-attachment":"scroll","background-type":"","background-media":"","overlay-type":"","overlay-color":"","overlay-gradient":""},"mobile":{"background-color":"var(--ast-global-color-5)","background-image":"","background-repeat":"repeat","background-position":"center center","background-size":"auto","background-attachment":"scroll","background-type":"","background-media":"","overlay-type":"","overlay-color":"","overlay-gradient":""}},"footnotes":"","rank_math_title":"Generalitat Valenciana%title% %page% %sep% %sitename%","rank_math_description":"Con el apoyo de la Generalitat Valenciana, Voicit acelera su expansi\u00f3n y consolida su innovaci\u00f3n en tecnolog\u00eda para recursos humanos.","rank_math_focus_keyword":"Generalitat Valenciana"},"class_list":["post-7748","page","type-page","status-publish","hentry"],"_links":{"self":[{"href":"https:\/\/voicit.com\/fr\/wp-json\/wp\/v2\/pages\/7748","targetHints":{"allow":["GET"]}}],"collection":[{"href":"https:\/\/voicit.com\/fr\/wp-json\/wp\/v2\/pages"}],"about":[{"href":"https:\/\/voicit.com\/fr\/wp-json\/wp\/v2\/types\/page"}],"author":[{"embeddable":true,"href":"https:\/\/voicit.com\/fr\/wp-json\/wp\/v2\/users\/1"}],"replies":[{"embeddable":true,"href":"https:\/\/voicit.com\/fr\/wp-json\/wp\/v2\/comments?post=7748"}],"version-history":[{"count":5,"href":"https:\/\/voicit.com\/fr\/wp-json\/wp\/v2\/pages\/7748\/revisions"}],"predecessor-version":[{"id":7753,"href":"https:\/\/voicit.com\/fr\/wp-json\/wp\/v2\/pages\/7748\/revisions\/7753"}],"wp:attachment":[{"href":"https:\/\/voicit.com\/fr\/wp-json\/wp\/v2\/media?parent=7748"}],"curies":[{"name":"wp","href":"https:\/\/api.w.org\/{rel}","templated":true}]}}