{"id":7128,"date":"2025-10-02T10:08:50","date_gmt":"2025-10-02T10:08:50","guid":{"rendered":"https:\/\/voicit.com\/?post_type=product&#038;p=7128"},"modified":"2026-04-02T22:10:45","modified_gmt":"2026-04-02T22:10:45","slug":"gravadora-trucades-telefoniques-i-entrevistes-presencials","status":"publish","type":"product","link":"https:\/\/voicit.com\/ca\/producto\/grabadora-llamadas-telefonicas-y-entrevistas-presenciales\/","title":{"rendered":"Gravadora trucades telef\u00f2niques i entrevistes presencials"},"content":{"rendered":"<div data-elementor-type=\"product-post\" data-elementor-id=\"7128\" class=\"elementor elementor-7128\" data-elementor-post-type=\"product\">\n\t\t\t\t<div class=\"elementor-element elementor-element-750de067 e-flex e-con-boxed e-con e-parent\" data-id=\"750de067\" data-element_type=\"container\">\n\t\t\t\t\t<div class=\"e-con-inner\">\n\t\t\t\t<div class=\"elementor-element elementor-element-702fa886 elementor-widget elementor-widget-text-editor\" data-id=\"702fa886\" data-element_type=\"widget\" data-widget_type=\"text-editor.default\">\n\t\t\t\t<div class=\"elementor-widget-container\">\n\t\t\t\t\t\t\t\t\t<p data-start=\"455\" data-end=\"784\">La <strong data-start=\"458\" data-end=\"497\">gravadora de trucades i entrevistes<\/strong> \u00e9s l'eina ideal per a professionals que necessiten enregistrar converses de manera precisa i sense dependre d'un ordinador. \u00c9s compacta, discreta i f\u00e0cil de fer servir. Permet gravar tant trucades telef\u00f2niques com entrevistes presencials, assegurant que cap detall no es perdi.<\/p>\r\n<p data-start=\"786\" data-end=\"1091\">Gr\u00e0cies a la seva compatibilitat amb <strong data-start=\"818\" data-end=\"828\">Voicit<\/strong>, els teus enregistraments es processen mitjan\u00e7ant <strong data-start=\"867\" data-end=\"894\">intel\u00b7lig\u00e8ncia artificial<\/strong>. Es generen <strong data-start=\"907\" data-end=\"931\">informes autom\u00e0tics<\/strong> que us ajuden a organitzar i analitzar cada conversa de manera r\u00e0pida i eficient. Aix\u00f2 converteix cada enregistrament en informaci\u00f3 pr\u00e0ctica i llesta per utilitzar.<\/p>\r\n<p data-start=\"1093\" data-end=\"1636\">El disseny de butxaca facilita transportar-la a qualsevol lloc. El seu \u00fas \u00e9s extremadament senzill: acobla la gravadora al tel\u00e8fon o col\u00b7loca-la a una superf\u00edcie estable. Fes lliscar el bot\u00f3 i l'enregistrament comen\u00e7a a l'instant. En acabar, els fitxers es guarden autom\u00e0ticament a la mem\u00f2ria interna. Despr\u00e9s, es poden transferir f\u00e0cilment a Voicit mitjan\u00e7ant USB per al seu processament amb IA. Aquesta tecnologia permet obtenir resums, transcripcions i an\u00e0lisi de les trucades i entrevistes de forma autom\u00e0tica, estalviant-te temps i esfor\u00e7.<\/p>\r\n<p data-start=\"1638\" data-end=\"2061\">\u00c9s perfecta per a consultors de RRHH, docents, investigadors o qualsevol professional que necessiti capturar informaci\u00f3 de manera fiable. Admet formats d'\u00e0udio com MP3 o WAV. Ofereix fins a 8-10 hores d'enregistrament continu per c\u00e0rrega i fins a 188 hores d'enregistrament total. La portabilitat, la facilitat d'\u00fas i la tecnologia avan\u00e7ada d'IA la converteixen en una soluci\u00f3 completa per a la gesti\u00f3 d'informaci\u00f3 professional.<\/p>\r\n<p data-start=\"2063\" data-end=\"2497\">A m\u00e9s, aquesta gravadora ofereix una experi\u00e8ncia completament intu\u00eftiva i lliure de complicacions. No necessites coneixements t\u00e8cnics avan\u00e7ats. Nom\u00e9s enregistres, transfereixes i Voicit analitza autom\u00e0ticament les teves converses. Gr\u00e0cies a la combinaci\u00f3 de portabilitat, bateria de llarga durada i tecnologia d'intel\u00b7lig\u00e8ncia artificial, et podr\u00e0s centrar en el teu treball mentre la gravadora captura i processa tota la informaci\u00f3 rellevant.<\/p>\r\n<p data-start=\"2499\" data-end=\"2833\">Descobreix m\u00e9s sobre <a href=\"http:\/\/voicit.com\/ca\/\">Voicit <\/a>i com aquesta gravadora de trucades i entrevistes pot transformar els teus enregistraments en informes autom\u00e0tics<\/p>\t\t\t\t\t\t\t\t<\/div>\n\t\t\t\t<\/div>\n\t\t\t\t\t<\/div>\n\t\t\t\t<\/div>\n\t\t\t\t<\/div>","protected":false},"excerpt":{"rendered":"<p id=\"block-261e952bb74380a892b8d3a2d07c2882\" class=\"notion-text notion-text__content notion-semantic-string\">Perfecta per a professionals que necessiten enregistrar trucades i entrevistes sense dependre d'un ordinador.<\/p>\n<p id=\"block-261e952bb74380e38edaea45a246e005\" class=\"notion-text notion-text__content notion-semantic-string\">Compacta, discreta i compatible amb <strong><a class=\"notion-link link\" href=\"https:\/\/app.voicit.com\/\" target=\"_blank\" rel=\"noopener noreferrer\">Voicit<\/a><\/strong>. <a href=\"https:\/\/youtu.be\/FurLejLKbjs?si=0d4vSxsa7wng1dMH\"><em>Veure v\u00eddeo de la gravadora.<\/em><\/a><\/p>","protected":false},"featured_media":7129,"comment_status":"open","ping_status":"closed","template":"","meta":{"site-sidebar-layout":"default","site-content-layout":"","ast-site-content-layout":"default","site-content-style":"default","site-sidebar-style":"default","ast-global-header-display":"","ast-banner-title-visibility":"","ast-main-header-display":"","ast-hfb-above-header-display":"","ast-hfb-below-header-display":"","ast-hfb-mobile-header-display":"","site-post-title":"","ast-breadcrumbs-content":"","ast-featured-img":"","footer-sml-layout":"","theme-transparent-header-meta":"default","adv-header-id-meta":"","stick-header-meta":"","header-above-stick-meta":"","header-main-stick-meta":"","header-below-stick-meta":"","astra-migrate-meta-layouts":"set","ast-page-background-enabled":"default","ast-page-background-meta":{"desktop":{"background-color":"var(--ast-global-color-4)","background-image":"","background-repeat":"repeat","background-position":"center center","background-size":"auto","background-attachment":"scroll","background-type":"","background-media":"","overlay-type":"","overlay-color":"","overlay-gradient":""},"tablet":{"background-color":"","background-image":"","background-repeat":"repeat","background-position":"center center","background-size":"auto","background-attachment":"scroll","background-type":"","background-media":"","overlay-type":"","overlay-color":"","overlay-gradient":""},"mobile":{"background-color":"","background-image":"","background-repeat":"repeat","background-position":"center center","background-size":"auto","background-attachment":"scroll","background-type":"","background-media":"","overlay-type":"","overlay-color":"","overlay-gradient":""}},"ast-content-background-meta":{"desktop":{"background-color":"var(--ast-global-color-5)","background-image":"","background-repeat":"repeat","background-position":"center center","background-size":"auto","background-attachment":"scroll","background-type":"","background-media":"","overlay-type":"","overlay-color":"","overlay-gradient":""},"tablet":{"background-color":"var(--ast-global-color-5)","background-image":"","background-repeat":"repeat","background-position":"center center","background-size":"auto","background-attachment":"scroll","background-type":"","background-media":"","overlay-type":"","overlay-color":"","overlay-gradient":""},"mobile":{"background-color":"var(--ast-global-color-5)","background-image":"","background-repeat":"repeat","background-position":"center center","background-size":"auto","background-attachment":"scroll","background-type":"","background-media":"","overlay-type":"","overlay-color":"","overlay-gradient":""}},"rank_math_title":"Grabadora de llamadas y entrevistas presenciales: dispositivo profesional con IA | Voicit","rank_math_description":"Dispositivo profesional para grabar llamadas telef\u00f3nicas y entrevistas presenciales. Transcripci\u00f3n autom\u00e1tica con IA y res\u00famenes al instante. Compatible con Voicit. Env\u00edo 24h.","rank_math_focus_keyword":"grabadora de llamadas"},"product_brand":[],"product_cat":[53],"product_tag":[],"class_list":{"0":"post-7128","1":"product","2":"type-product","3":"status-publish","4":"has-post-thumbnail","6":"product_cat-grabadora-de-voz-productos","7":"desktop-align-left","8":"tablet-align-left","9":"mobile-align-left","11":"first","12":"instock","13":"sale","14":"sold-individually","15":"shipping-taxable","16":"purchasable","17":"product-type-simple"},"_links":{"self":[{"href":"https:\/\/voicit.com\/ca\/wp-json\/wp\/v2\/product\/7128","targetHints":{"allow":["GET"]}}],"collection":[{"href":"https:\/\/voicit.com\/ca\/wp-json\/wp\/v2\/product"}],"about":[{"href":"https:\/\/voicit.com\/ca\/wp-json\/wp\/v2\/types\/product"}],"replies":[{"embeddable":true,"href":"https:\/\/voicit.com\/ca\/wp-json\/wp\/v2\/comments?post=7128"}],"version-history":[{"count":4,"href":"https:\/\/voicit.com\/ca\/wp-json\/wp\/v2\/product\/7128\/revisions"}],"predecessor-version":[{"id":7194,"href":"https:\/\/voicit.com\/ca\/wp-json\/wp\/v2\/product\/7128\/revisions\/7194"}],"wp:featuredmedia":[{"embeddable":true,"href":"https:\/\/voicit.com\/ca\/wp-json\/wp\/v2\/media\/7129"}],"wp:attachment":[{"href":"https:\/\/voicit.com\/ca\/wp-json\/wp\/v2\/media?parent=7128"}],"wp:term":[{"taxonomy":"product_brand","embeddable":true,"href":"https:\/\/voicit.com\/ca\/wp-json\/wp\/v2\/product_brand?post=7128"},{"taxonomy":"product_cat","embeddable":true,"href":"https:\/\/voicit.com\/ca\/wp-json\/wp\/v2\/product_cat?post=7128"},{"taxonomy":"product_tag","embeddable":true,"href":"https:\/\/voicit.com\/ca\/wp-json\/wp\/v2\/product_tag?post=7128"}],"curies":[{"name":"wp","href":"https:\/\/api.w.org\/{rel}","templated":true}]}}