{"id":923,"date":"2022-01-04T19:25:33","date_gmt":"2022-01-04T19:25:33","guid":{"rendered":"https:\/\/voicit.com\/?page_id=923"},"modified":"2026-04-03T16:59:07","modified_gmt":"2026-04-03T16:59:07","slug":"politica-de-cookies","status":"publish","type":"page","link":"https:\/\/voicit.com\/ca\/politica-de-cookies\/","title":{"rendered":"Pol\u00edtica de cookies"},"content":{"rendered":"<div data-elementor-type=\"wp-page\" data-elementor-id=\"923\" class=\"elementor elementor-923\" data-elementor-post-type=\"page\">\n\t\t\t\t\t\t<section class=\"elementor-section elementor-top-section elementor-element elementor-element-adde6c2 elementor-section-boxed elementor-section-height-default elementor-section-height-default\" data-id=\"adde6c2\" data-element_type=\"section\" data-settings=\"{&quot;background_background&quot;:&quot;classic&quot;}\">\n\t\t\t\t\t\t<div class=\"elementor-container elementor-column-gap-default\">\n\t\t\t\t\t<div class=\"elementor-column elementor-col-100 elementor-top-column elementor-element elementor-element-b028778\" data-id=\"b028778\" data-element_type=\"column\">\n\t\t\t<div class=\"elementor-widget-wrap elementor-element-populated\">\n\t\t\t\t\t\t<div class=\"elementor-element elementor-element-0b74138 elementor-widget elementor-widget-spacer\" data-id=\"0b74138\" data-element_type=\"widget\" data-widget_type=\"spacer.default\">\n\t\t\t\t<div class=\"elementor-widget-container\">\n\t\t\t\t\t\t\t<div class=\"elementor-spacer\">\n\t\t\t<div class=\"elementor-spacer-inner\"><\/div>\n\t\t<\/div>\n\t\t\t\t\t\t<\/div>\n\t\t\t\t<\/div>\n\t\t\t\t<div class=\"elementor-element elementor-element-4e08b19 h1 elementor-widget elementor-widget-text-editor\" data-id=\"4e08b19\" data-element_type=\"widget\" data-widget_type=\"text-editor.default\">\n\t\t\t\t<div class=\"elementor-widget-container\">\n\t\t\t\t\t\t\t\t\t<h1 class=\"h1\" style=\"color: #161616;\">Pol\u00edtica de cookies<\/h1>\t\t\t\t\t\t\t\t<\/div>\n\t\t\t\t<\/div>\n\t\t\t\t<div class=\"elementor-element elementor-element-4d3e1c4 body02 elementor-widget elementor-widget-text-editor\" data-id=\"4d3e1c4\" data-element_type=\"widget\" data-widget_type=\"text-editor.default\">\n\t\t\t\t<div class=\"elementor-widget-container\">\n\t\t\t\t\t\t\t\t\t<p>En aquesta web recopilem i utilitzem la informaci\u00f3 segons indiquem a la nostra pol\u00edtica de privadesa. Una de les formes en qu\u00e8 recopilem informaci\u00f3 \u00e9s a trav\u00e9s de l'\u00fas de la tecnologia anomenada \u201ccookies\u201d. A voicit.com, utilitzem cookies per a diversos prop\u00f2sits.<\/p>\t\t\t\t\t\t\t\t<\/div>\n\t\t\t\t<\/div>\n\t\t\t\t<div class=\"elementor-element elementor-element-5b2642a h3 elementor-widget elementor-widget-text-editor\" data-id=\"5b2642a\" data-element_type=\"widget\" data-widget_type=\"text-editor.default\">\n\t\t\t\t<div class=\"elementor-widget-container\">\n\t\t\t\t\t\t\t\t\t<h2>Qu\u00e8 s\u00f3n les galetes?<\/h2>\t\t\t\t\t\t\t\t<\/div>\n\t\t\t\t<\/div>\n\t\t\t\t<div class=\"elementor-element elementor-element-2feacff body02 elementor-widget elementor-widget-text-editor\" data-id=\"2feacff\" data-element_type=\"widget\" data-widget_type=\"text-editor.default\">\n\t\t\t\t<div class=\"elementor-widget-container\">\n\t\t\t\t\t\t\t\t\t<p>Una galeta \u00e9s un fitxer que es descarrega al teu ordinador o equip en accedir a determinades p\u00e0gines web. Les galetes permeten a una p\u00e0gina web, entre altres coses, emmagatzemar i recuperar informaci\u00f3 sobre els h\u00e0bits de navegaci\u00f3 de l'usuari o del seu equip i, depenent de la informaci\u00f3 que continguin i de la manera com utilitzi el teu equip, es poden utilitzar per recon\u00e8ixer l'usuari.<\/p>\t\t\t\t\t\t\t\t<\/div>\n\t\t\t\t<\/div>\n\t\t\t\t<div class=\"elementor-element elementor-element-87f3443 h3 elementor-widget elementor-widget-text-editor\" data-id=\"87f3443\" data-element_type=\"widget\" data-widget_type=\"text-editor.default\">\n\t\t\t\t<div class=\"elementor-widget-container\">\n\t\t\t\t\t\t\t\t\t<h2>Quins tipus de galetes utilitza aquesta p\u00e0gina web?<\/h2>\t\t\t\t\t\t\t\t<\/div>\n\t\t\t\t<\/div>\n\t\t\t\t<div class=\"elementor-element elementor-element-5f68f99 body02 elementor-widget elementor-widget-text-editor\" data-id=\"5f68f99\" data-element_type=\"widget\" data-widget_type=\"text-editor.default\">\n\t\t\t\t<div class=\"elementor-widget-container\">\n\t\t\t\t\t\t\t\t\t<p>Seguint les directrius de l'Ag\u00e8ncia Espanyola de Protecci\u00f3 de Dades procedim a detallar l'\u00fas de <em>cookies<\/em> que fa aquesta web per tal d'informar-vos amb la m\u00e0xima exactitud possible. <strong>Voicit.es<\/strong> utilitza els seg\u00fcents tipus de cookies:<\/p>\t\t\t\t\t\t\t\t<\/div>\n\t\t\t\t<\/div>\n\t\t\t\t<div class=\"elementor-element elementor-element-8e9434d body02 elementor-widget elementor-widget-text-editor\" data-id=\"8e9434d\" data-element_type=\"widget\" data-widget_type=\"text-editor.default\">\n\t\t\t\t<div class=\"elementor-widget-container\">\n\t\t\t\t\t\t\t\t\t<h3><strong>Cookies pr\u00f2pies<\/strong><\/h3><p>1. Cookies d'emmagatzematge de sessi\u00f3, per garantir que els usuaris que escriguin comentaris al bloc siguin humans i no aplicacions automatitzades. D'aquesta manera es combat el <em>spam<\/em>. Aquestes cookies s'esborren quan deixes de navegar a la nostra web o, en cas de tenir la sessi\u00f3 activa, a m\u00e9s tancaments sessi\u00f3.<\/p><p>2. Galetes d'emmagatzematge local: Per mantenir sessions obertes i el propi consentiment de galetes guardat.<\/p>\t\t\t\t\t\t\t\t<\/div>\n\t\t\t\t<\/div>\n\t\t\t\t<div class=\"elementor-element elementor-element-aaeeeee body02 elementor-widget elementor-widget-text-editor\" data-id=\"aaeeeee\" data-element_type=\"widget\" data-widget_type=\"text-editor.default\">\n\t\t\t\t<div class=\"elementor-widget-container\">\n\t\t\t\t\t\t\t\t\t<h3><strong>Galetes de tercers<\/strong><\/h3><p><strong>Galetes d'an\u00e0lisi:<\/strong> S\u00f3n sol\u00b7licitades \u00fanicament per tercers, ens permeten quantificar el nombre d'usuaris i aix\u00ed realitzar el mesurament i l'an\u00e0lisi estad\u00edstica de la utilitzaci\u00f3 que fan els usuaris del servei ofert. Per aix\u00f2 s'analitza la vostra navegaci\u00f3 a la nostra p\u00e0gina web per tal de millorar l'oferta de productes o serveis que us oferim.<\/p><p>1. Google Analytics<\/p><p>2. Facebook p\u00edxel<\/p>\t\t\t\t\t\t\t\t<\/div>\n\t\t\t\t<\/div>\n\t\t\t\t<div class=\"elementor-element elementor-element-c0ea417 body02 elementor-widget elementor-widget-text-editor\" data-id=\"c0ea417\" data-element_type=\"widget\" data-widget_type=\"text-editor.default\">\n\t\t\t\t<div class=\"elementor-widget-container\">\n\t\t\t\t\t\t\t\t\t<h3><strong>Galetes publicit\u00e0ries<\/strong><\/h3><p>Utilitzem Google Adsense, un servei que analitzant aquest tipus de cookies, permet gestionar de la manera m\u00e9s efica\u00e7 possible l'oferta dels espais publicitaris que hi ha a la p\u00e0gina web, adequant el contingut de l'anunci al contingut del servei sol\u00b7licitat oa l'\u00fas que facis de la nostra p\u00e0gina web. Per aix\u00f2 podem analitzar els teus h\u00e0bits de navegaci\u00f3 a Internet i podem mostrar publicitat relacionada amb el teu perfil de navegaci\u00f3.<\/p>\t\t\t\t\t\t\t\t<\/div>\n\t\t\t\t<\/div>\n\t\t\t\t<div class=\"elementor-element elementor-element-141de51 body02 elementor-widget elementor-widget-text-editor\" data-id=\"141de51\" data-element_type=\"widget\" data-widget_type=\"text-editor.default\">\n\t\t\t\t<div class=\"elementor-widget-container\">\n\t\t\t\t\t\t\t\t\t<h3><strong>Galetes de xarxes socials<\/strong><\/h3><p>Cada xarxa social utilitza les seves pr\u00f2pies <em>cookies<\/em> perqu\u00e8 pugueu punxar en botons del tipus <em>M'agrada<\/em> o <em>Compartir<\/em>. Aix\u00ed com en comentaris de facebook integrats a alguns dels nostres articles.<\/p>\t\t\t\t\t\t\t\t<\/div>\n\t\t\t\t<\/div>\n\t\t\t\t<div class=\"elementor-element elementor-element-e6e0780 h3 elementor-widget elementor-widget-text-editor\" data-id=\"e6e0780\" data-element_type=\"widget\" data-widget_type=\"text-editor.default\">\n\t\t\t\t<div class=\"elementor-widget-container\">\n\t\t\t\t\t\t\t\t\t<h2>Quins tipus de galetes utilitza aquesta p\u00e0gina web?<\/h2>\t\t\t\t\t\t\t\t<\/div>\n\t\t\t\t<\/div>\n\t\t\t\t<div class=\"elementor-element elementor-element-aa58205 body02 elementor-widget elementor-widget-text-editor\" data-id=\"aa58205\" data-element_type=\"widget\" data-widget_type=\"text-editor.default\">\n\t\t\t\t<div class=\"elementor-widget-container\">\n\t\t\t\t\t\t\t\t\t<p>En qualsevol moment podreu exercir el vostre dret de desactivaci\u00f3 o eliminaci\u00f3 de cookies d'aquest lloc web. Aquestes accions es realitzen de manera diferent en funci\u00f3 del navegador que utilitzeu.<\/p>\t\t\t\t\t\t\t\t<\/div>\n\t\t\t\t<\/div>\n\t\t\t\t<div class=\"elementor-element elementor-element-ffaa5d5 caption elementor-widget elementor-widget-text-editor\" data-id=\"ffaa5d5\" data-element_type=\"widget\" data-widget_type=\"text-editor.default\">\n\t\t\t\t<div class=\"elementor-widget-container\">\n\t\t\t\t\t\t\t\t\t<p><strong>IMPORTANT: <\/strong>Pots eliminar tota la informaci\u00f3 que creguis pertinent dels servidors de Google a trav\u00e9s del web: https:\/\/myactivity.google.com\/myactivity<\/p>\t\t\t\t\t\t\t\t<\/div>\n\t\t\t\t<\/div>\n\t\t\t\t<div class=\"elementor-element elementor-element-53141d3 elementor-widget elementor-widget-spacer\" data-id=\"53141d3\" data-element_type=\"widget\" data-widget_type=\"spacer.default\">\n\t\t\t\t<div class=\"elementor-widget-container\">\n\t\t\t\t\t\t\t<div class=\"elementor-spacer\">\n\t\t\t<div class=\"elementor-spacer-inner\"><\/div>\n\t\t<\/div>\n\t\t\t\t\t\t<\/div>\n\t\t\t\t<\/div>\n\t\t\t\t\t<\/div>\n\t\t<\/div>\n\t\t\t\t\t<\/div>\n\t\t<\/section>\n\t\t\t\t<\/div>","protected":false},"excerpt":{"rendered":"<p>Pol\u00edtica de cookies En esta web recopilamos y utilizamos la informaci\u00f3n seg\u00fan indicamos en nuestra pol\u00edtica de privacidad. Una de las formas en las que recopilamos informaci\u00f3n es a trav\u00e9s del uso de la tecnolog\u00eda llamada \u201ccookies\u201d. En voicit.com, utilizamos cookies para diversos prop\u00f3sitos. \u00bfQu\u00e9 son las cookies? Una cookie es un fichero que se [&hellip;]<\/p>\n","protected":false},"author":1,"featured_media":0,"parent":0,"menu_order":0,"comment_status":"closed","ping_status":"closed","template":"","meta":{"site-sidebar-layout":"no-sidebar","site-content-layout":"page-builder","ast-site-content-layout":"","site-content-style":"default","site-sidebar-style":"default","ast-global-header-display":"","ast-banner-title-visibility":"","ast-main-header-display":"","ast-hfb-above-header-display":"","ast-hfb-below-header-display":"","ast-hfb-mobile-header-display":"","site-post-title":"disabled","ast-breadcrumbs-content":"","ast-featured-img":"disabled","footer-sml-layout":"","theme-transparent-header-meta":"","adv-header-id-meta":"","stick-header-meta":"","header-above-stick-meta":"","header-main-stick-meta":"","header-below-stick-meta":"","astra-migrate-meta-layouts":"default","ast-page-background-enabled":"default","ast-page-background-meta":{"desktop":{"background-color":"var(--ast-global-color-4)","background-image":"","background-repeat":"repeat","background-position":"center center","background-size":"auto","background-attachment":"scroll","background-type":"","background-media":"","overlay-type":"","overlay-color":"","overlay-gradient":""},"tablet":{"background-color":"","background-image":"","background-repeat":"repeat","background-position":"center center","background-size":"auto","background-attachment":"scroll","background-type":"","background-media":"","overlay-type":"","overlay-color":"","overlay-gradient":""},"mobile":{"background-color":"","background-image":"","background-repeat":"repeat","background-position":"center center","background-size":"auto","background-attachment":"scroll","background-type":"","background-media":"","overlay-type":"","overlay-color":"","overlay-gradient":""}},"ast-content-background-meta":{"desktop":{"background-color":"var(--ast-global-color-5)","background-image":"","background-repeat":"repeat","background-position":"center center","background-size":"auto","background-attachment":"scroll","background-type":"","background-media":"","overlay-type":"","overlay-color":"","overlay-gradient":""},"tablet":{"background-color":"var(--ast-global-color-5)","background-image":"","background-repeat":"repeat","background-position":"center center","background-size":"auto","background-attachment":"scroll","background-type":"","background-media":"","overlay-type":"","overlay-color":"","overlay-gradient":""},"mobile":{"background-color":"var(--ast-global-color-5)","background-image":"","background-repeat":"repeat","background-position":"center center","background-size":"auto","background-attachment":"scroll","background-type":"","background-media":"","overlay-type":"","overlay-color":"","overlay-gradient":""}},"footnotes":"","rank_math_title":"","rank_math_description":"","rank_math_focus_keyword":""},"class_list":["post-923","page","type-page","status-publish","hentry"],"_links":{"self":[{"href":"https:\/\/voicit.com\/ca\/wp-json\/wp\/v2\/pages\/923","targetHints":{"allow":["GET"]}}],"collection":[{"href":"https:\/\/voicit.com\/ca\/wp-json\/wp\/v2\/pages"}],"about":[{"href":"https:\/\/voicit.com\/ca\/wp-json\/wp\/v2\/types\/page"}],"author":[{"embeddable":true,"href":"https:\/\/voicit.com\/ca\/wp-json\/wp\/v2\/users\/1"}],"replies":[{"embeddable":true,"href":"https:\/\/voicit.com\/ca\/wp-json\/wp\/v2\/comments?post=923"}],"version-history":[{"count":53,"href":"https:\/\/voicit.com\/ca\/wp-json\/wp\/v2\/pages\/923\/revisions"}],"predecessor-version":[{"id":4423,"href":"https:\/\/voicit.com\/ca\/wp-json\/wp\/v2\/pages\/923\/revisions\/4423"}],"wp:attachment":[{"href":"https:\/\/voicit.com\/ca\/wp-json\/wp\/v2\/media?parent=923"}],"curies":[{"name":"wp","href":"https:\/\/api.w.org\/{rel}","templated":true}]}}